{"id":296,"date":"2025-06-19T15:17:50","date_gmt":"2025-06-19T13:17:50","guid":{"rendered":"https:\/\/ldaulte.eleves.mediamatique.ch\/CIE4-paysages-laur%C3%A9ats\/?page_id=296"},"modified":"2025-06-20T14:52:08","modified_gmt":"2025-06-20T12:52:08","slug":"a-propos","status":"publish","type":"page","link":"https:\/\/ldaulte.eleves.mediamatique.ch\/CIE4-paysages-laur%C3%A9ats\/a-propos\/","title":{"rendered":"A propos"},"content":{"rendered":"\t\t<div data-elementor-type=\"wp-page\" data-elementor-id=\"296\" class=\"elementor elementor-296\" data-elementor-post-type=\"page\">\n\t\t\t\t<div class=\"elementor-element elementor-element-eb9b875 e-flex e-con-boxed e-con e-parent\" data-id=\"eb9b875\" data-element_type=\"container\" data-settings=\"{&quot;background_background&quot;:&quot;classic&quot;,&quot;shape_divider_bottom&quot;:&quot;clouds&quot;}\">\n\t\t\t\t\t<div class=\"e-con-inner\">\n\t\t\t\t<div class=\"elementor-shape elementor-shape-bottom\" aria-hidden=\"true\" data-negative=\"false\">\n\t\t\t<svg xmlns=\"http:\/\/www.w3.org\/2000\/svg\" viewBox=\"0 0 283.5 27.8\" preserveAspectRatio=\"xMidYMax slice\">\n  <path class=\"elementor-shape-fill\" d=\"M0 0v6.7c1.9-.8 4.7-1.4 8.5-1 9.5 1.1 11.1 6 11.1 6s2.1-.7 4.3-.2c2.1.5 2.8 2.6 2.8 2.6s.2-.5 1.4-.7c1.2-.2 1.7.2 1.7.2s0-2.1 1.9-2.8c1.9-.7 3.6.7 3.6.7s.7-2.9 3.1-4.1 4.7 0 4.7 0 1.2-.5 2.4 0 1.7 1.4 1.7 1.4h1.4c.7 0 1.2.7 1.2.7s.8-1.8 4-2.2c3.5-.4 5.3 2.4 6.2 4.4.4-.4 1-.7 1.8-.9 2.8-.7 4 .7 4 .7s1.7-5 11.1-6c9.5-1.1 12.3 3.9 12.3 3.9s1.2-4.8 5.7-5.7c4.5-.9 6.8 1.8 6.8 1.8s.6-.6 1.5-.9c.9-.2 1.9-.2 1.9-.2s5.2-6.4 12.6-3.3c7.3 3.1 4.7 9 4.7 9s1.9-.9 4 0 2.8 2.4 2.8 2.4 1.9-1.2 4.5-1.2 4.3 1.2 4.3 1.2.2-1 1.4-1.7 2.1-.7 2.1-.7-.5-3.1 2.1-5.5 5.7-1.4 5.7-1.4 1.5-2.3 4.2-1.1c2.7 1.2 1.7 5.2 1.7 5.2s.3-.1 1.3.5c.5.4.8.8.9 1.1.5-1.4 2.4-5.8 8.4-4 7.1 2.1 3.5 8.9 3.5 8.9s.8-.4 2 0 1.1 1.1 1.1 1.1 1.1-1.1 2.3-1.1 2.1.5 2.1.5 1.9-3.6 6.2-1.2 1.9 6.4 1.9 6.4 2.6-2.4 7.4 0c3.4 1.7 3.9 4.9 3.9 4.9s3.3-6.9 10.4-7.9 11.5 2.6 11.5 2.6.8 0 1.2.2c.4.2.9.9.9.9s4.4-3.1 8.3.2c1.9 1.7 1.5 5 1.5 5s.3-1.1 1.6-1.4c1.3-.3 2.3.2 2.3.2s-.1-1.2.5-1.9 1.9-.9 1.9-.9-4.7-9.3 4.4-13.4c5.6-2.5 9.2.9 9.2.9s5-6.2 15.9-6.2 16.1 8.1 16.1 8.1.7-.2 1.6-.4V0H0z\"\/>\n<\/svg>\n\t\t<\/div>\n\t\t\t\t<div class=\"elementor-element elementor-element-f59663d e-transform elementor-widget elementor-widget-heading\" data-id=\"f59663d\" data-element_type=\"widget\" data-settings=\"{&quot;_transform_translateX_effect&quot;:{&quot;unit&quot;:&quot;px&quot;,&quot;size&quot;:158,&quot;sizes&quot;:[]},&quot;_transform_translateY_effect&quot;:{&quot;unit&quot;:&quot;px&quot;,&quot;size&quot;:110,&quot;sizes&quot;:[]},&quot;_transform_translateX_effect_mobile&quot;:{&quot;unit&quot;:&quot;px&quot;,&quot;size&quot;:129,&quot;sizes&quot;:[]},&quot;_transform_translateY_effect_mobile&quot;:{&quot;unit&quot;:&quot;px&quot;,&quot;size&quot;:139,&quot;sizes&quot;:[]},&quot;_transform_translateX_effect_tablet&quot;:{&quot;unit&quot;:&quot;px&quot;,&quot;size&quot;:&quot;&quot;,&quot;sizes&quot;:[]},&quot;_transform_translateY_effect_tablet&quot;:{&quot;unit&quot;:&quot;px&quot;,&quot;size&quot;:&quot;&quot;,&quot;sizes&quot;:[]}}\" data-widget_type=\"heading.default\">\n\t\t\t\t<div class=\"elementor-widget-container\">\n\t\t\t\t\t<h2 class=\"elementor-heading-title elementor-size-default\">Qui sommes nous ?<\/h2>\t\t\t\t<\/div>\n\t\t\t\t<\/div>\n\t\t\t\t\t<\/div>\n\t\t\t\t<\/div>\n\t\t<div class=\"elementor-element elementor-element-dc5d8a8 e-flex e-con-boxed e-con e-parent\" data-id=\"dc5d8a8\" data-element_type=\"container\">\n\t\t\t\t\t<div class=\"e-con-inner\">\n\t\t<div class=\"elementor-element elementor-element-0a80c2e e-con-full e-flex e-con e-child\" data-id=\"0a80c2e\" data-element_type=\"container\">\n\t\t<div class=\"elementor-element elementor-element-ccc996c e-con-full e-flex e-con e-child\" data-id=\"ccc996c\" data-element_type=\"container\">\n\t\t\t\t<div class=\"elementor-element elementor-element-664e3f4 elementor-widget elementor-widget-image\" data-id=\"664e3f4\" data-element_type=\"widget\" data-widget_type=\"image.default\">\n\t\t\t\t<div class=\"elementor-widget-container\">\n\t\t\t\t\t\t\t\t\t\t\t\t\t\t\t<img fetchpriority=\"high\" decoding=\"async\" width=\"474\" height=\"295\" src=\"https:\/\/ldaulte.eleves.mediamatique.ch\/CIE4-paysages-laur%C3%A9ats\/wp-content\/uploads\/2025\/06\/quisommenous.jpeg\" class=\"attachment-1536x1536 size-1536x1536 wp-image-292\" alt=\"\" srcset=\"https:\/\/ldaulte.eleves.mediamatique.ch\/CIE4-paysages-laur%C3%A9ats\/wp-content\/uploads\/2025\/06\/quisommenous.jpeg 474w, https:\/\/ldaulte.eleves.mediamatique.ch\/CIE4-paysages-laur%C3%A9ats\/wp-content\/uploads\/2025\/06\/quisommenous-300x187.jpeg 300w\" sizes=\"(max-width: 474px) 100vw, 474px\" \/>\t\t\t\t\t\t\t\t\t\t\t\t\t\t\t<\/div>\n\t\t\t\t<\/div>\n\t\t\t\t<\/div>\n\t\t<div class=\"elementor-element elementor-element-ad533c0 e-con-full e-flex e-con e-child\" data-id=\"ad533c0\" data-element_type=\"container\">\n\t\t\t\t<div class=\"elementor-element elementor-element-6705b35 elementor-widget elementor-widget-heading\" data-id=\"6705b35\" data-element_type=\"widget\" data-widget_type=\"heading.default\">\n\t\t\t\t<div class=\"elementor-widget-container\">\n\t\t\t\t\t<h2 class=\"elementor-heading-title elementor-size-default\">Nous sommes Paysages Laur\u00e9ats, une entreprise d\u2019am\u00e9nagement paysager bas\u00e9e \u00e0 Cheseaux-Nor\u00e9az, passionn\u00e9e par les jardins qui racontent une histoire\u2026 la v\u00f4tre.<br><br>Inspir\u00e9s par le symbole du laurier, nous concevons des haies en forme de couronnes, des parterres aux lignes fortes, et des \u201cjardins olympiques\u201d ponctu\u00e9s de sculptures v\u00e9g\u00e9tales.<br><br>\ud83c\udf31 Nous travaillons uniquement avec des plantes **adapt\u00e9es au climat vaudois, proposons des services d\u2019entretien saisonnier, et transmettons notre savoir-faire \u00e0 travers des ateliers de taille cr\u00e9ative.<br><br>Chez nous, chaque jardin est une victoire partag\u00e9e.<\/h2>\t\t\t\t<\/div>\n\t\t\t\t<\/div>\n\t\t\t\t<\/div>\n\t\t\t\t<\/div>\n\t\t\t\t\t<\/div>\n\t\t\t\t<\/div>\n\t\t<div class=\"elementor-element elementor-element-05be99c e-flex e-con-boxed e-con e-parent\" data-id=\"05be99c\" data-element_type=\"container\">\n\t\t\t\t\t<div class=\"e-con-inner\">\n\t\t<div class=\"elementor-element elementor-element-c79a4df e-con-full e-flex e-con e-child\" data-id=\"c79a4df\" data-element_type=\"container\">\n\t\t\t\t<div class=\"elementor-element elementor-element-68379b2 elementor-widget elementor-widget-heading\" data-id=\"68379b2\" data-element_type=\"widget\" data-widget_type=\"heading.default\">\n\t\t\t\t<div class=\"elementor-widget-container\">\n\t\t\t\t\t<h2 class=\"elementor-heading-title elementor-size-default\">Notre misson et nos valeurs<\/h2>\t\t\t\t<\/div>\n\t\t\t\t<\/div>\n\t\t\t\t<\/div>\n\t\t\t\t\t<\/div>\n\t\t\t\t<\/div>\n\t\t<div class=\"elementor-element elementor-element-5997db8 e-flex e-con-boxed e-con e-parent\" data-id=\"5997db8\" data-element_type=\"container\">\n\t\t\t\t\t<div class=\"e-con-inner\">\n\t\t\t\t<div class=\"elementor-element elementor-element-37457c7 elementor-widget elementor-widget-heading\" data-id=\"37457c7\" data-element_type=\"widget\" data-widget_type=\"heading.default\">\n\t\t\t\t<div class=\"elementor-widget-container\">\n\t\t\t\t\t<h2 class=\"elementor-heading-title elementor-size-default\">Ajoutez votre titre ici<\/h2>\t\t\t\t<\/div>\n\t\t\t\t<\/div>\n\t\t\t\t<div class=\"elementor-element elementor-element-76de315 elementor-align-start e-transform elementor-icon-list--layout-traditional elementor-list-item-link-full_width elementor-widget elementor-widget-icon-list\" data-id=\"76de315\" data-element_type=\"widget\" data-settings=\"{&quot;_transform_translateX_effect&quot;:{&quot;unit&quot;:&quot;px&quot;,&quot;size&quot;:79,&quot;sizes&quot;:[]},&quot;_transform_translateX_effect_mobile&quot;:{&quot;unit&quot;:&quot;px&quot;,&quot;size&quot;:10,&quot;sizes&quot;:[]},&quot;_transform_translateY_effect_mobile&quot;:{&quot;unit&quot;:&quot;px&quot;,&quot;size&quot;:10,&quot;sizes&quot;:[]},&quot;_transform_translateX_effect_tablet&quot;:{&quot;unit&quot;:&quot;px&quot;,&quot;size&quot;:&quot;&quot;,&quot;sizes&quot;:[]},&quot;_transform_translateY_effect&quot;:{&quot;unit&quot;:&quot;px&quot;,&quot;size&quot;:&quot;&quot;,&quot;sizes&quot;:[]},&quot;_transform_translateY_effect_tablet&quot;:{&quot;unit&quot;:&quot;px&quot;,&quot;size&quot;:&quot;&quot;,&quot;sizes&quot;:[]}}\" data-widget_type=\"icon-list.default\">\n\t\t\t\t<div class=\"elementor-widget-container\">\n\t\t\t\t\t\t\t<ul class=\"elementor-icon-list-items\">\n\t\t\t\t\t\t\t<li class=\"elementor-icon-list-item\">\n\t\t\t\t\t\t\t\t\t\t\t<span class=\"elementor-icon-list-icon\">\n\t\t\t\t\t\t\t<svg aria-hidden=\"true\" class=\"e-font-icon-svg e-fas-tree\" viewBox=\"0 0 384 512\" xmlns=\"http:\/\/www.w3.org\/2000\/svg\"><path d=\"M378.31 378.49L298.42 288h30.63c9.01 0 16.98-5 20.78-13.06 3.8-8.04 2.55-17.26-3.28-24.05L268.42 160h28.89c9.1 0 17.3-5.35 20.86-13.61 3.52-8.13 1.86-17.59-4.24-24.08L203.66 4.83c-6.03-6.45-17.28-6.45-23.32 0L70.06 122.31c-6.1 6.49-7.75 15.95-4.24 24.08C69.38 154.65 77.59 160 86.69 160h28.89l-78.14 90.91c-5.81 6.78-7.06 15.99-3.27 24.04C37.97 283 45.93 288 54.95 288h30.63L5.69 378.49c-6 6.79-7.36 16.09-3.56 24.26 3.75 8.05 12 13.25 21.01 13.25H160v24.45l-30.29 48.4c-5.32 10.64 2.42 23.16 14.31 23.16h95.96c11.89 0 19.63-12.52 14.31-23.16L224 440.45V416h136.86c9.01 0 17.26-5.2 21.01-13.25 3.8-8.17 2.44-17.47-3.56-24.26z\"><\/path><\/svg>\t\t\t\t\t\t<\/span>\n\t\t\t\t\t\t\t\t\t\t<span class=\"elementor-icon-list-text\">Ecologie locale<\/span>\n\t\t\t\t\t\t\t\t\t<\/li>\n\t\t\t\t\t\t\t\t<li class=\"elementor-icon-list-item\">\n\t\t\t\t\t\t\t\t\t\t\t<span class=\"elementor-icon-list-icon\">\n\t\t\t\t\t\t\t<svg aria-hidden=\"true\" class=\"e-font-icon-svg e-far-laugh\" viewBox=\"0 0 496 512\" xmlns=\"http:\/\/www.w3.org\/2000\/svg\"><path d=\"M248 8C111 8 0 119 0 256s111 248 248 248 248-111 248-248S385 8 248 8zm141.4 389.4c-37.8 37.8-88 58.6-141.4 58.6s-103.6-20.8-141.4-58.6S48 309.4 48 256s20.8-103.6 58.6-141.4S194.6 56 248 56s103.6 20.8 141.4 58.6S448 202.6 448 256s-20.8 103.6-58.6 141.4zM328 224c17.7 0 32-14.3 32-32s-14.3-32-32-32-32 14.3-32 32 14.3 32 32 32zm-160 0c17.7 0 32-14.3 32-32s-14.3-32-32-32-32 14.3-32 32 14.3 32 32 32zm194.4 64H133.6c-8.2 0-14.5 7-13.5 15 7.5 59.2 58.9 105 121.1 105h13.6c62.2 0 113.6-45.8 121.1-105 1-8-5.3-15-13.5-15z\"><\/path><\/svg>\t\t\t\t\t\t<\/span>\n\t\t\t\t\t\t\t\t\t\t<span class=\"elementor-icon-list-text\">Cr\u00e9ativit\u00e9 v\u00e9g\u00e9tale<\/span>\n\t\t\t\t\t\t\t\t\t<\/li>\n\t\t\t\t\t\t\t\t<li class=\"elementor-icon-list-item\">\n\t\t\t\t\t\t\t\t\t\t\t<span class=\"elementor-icon-list-icon\">\n\t\t\t\t\t\t\t<svg aria-hidden=\"true\" class=\"e-font-icon-svg e-far-handshake\" viewBox=\"0 0 640 512\" xmlns=\"http:\/\/www.w3.org\/2000\/svg\"><path d=\"M519.2 127.9l-47.6-47.6A56.252 56.252 0 0 0 432 64H205.2c-14.8 0-29.1 5.9-39.6 16.3L118 127.9H0v255.7h64c17.6 0 31.8-14.2 31.9-31.7h9.1l84.6 76.4c30.9 25.1 73.8 25.7 105.6 3.8 12.5 10.8 26 15.9 41.1 15.9 18.2 0 35.3-7.4 48.8-24 22.1 8.7 48.2 2.6 64-16.8l26.2-32.3c5.6-6.9 9.1-14.8 10.9-23h57.9c.1 17.5 14.4 31.7 31.9 31.7h64V127.9H519.2zM48 351.6c-8.8 0-16-7.2-16-16s7.2-16 16-16 16 7.2 16 16c0 8.9-7.2 16-16 16zm390-6.9l-26.1 32.2c-2.8 3.4-7.8 4-11.3 1.2l-23.9-19.4-30 36.5c-6 7.3-15 4.8-18 2.4l-36.8-31.5-15.6 19.2c-13.9 17.1-39.2 19.7-55.3 6.6l-97.3-88H96V175.8h41.9l61.7-61.6c2-.8 3.7-1.5 5.7-2.3H262l-38.7 35.5c-29.4 26.9-31.1 72.3-4.4 101.3 14.8 16.2 61.2 41.2 101.5 4.4l8.2-7.5 108.2 87.8c3.4 2.8 3.9 7.9 1.2 11.3zm106-40.8h-69.2c-2.3-2.8-4.9-5.4-7.7-7.7l-102.7-83.4 12.5-11.4c6.5-6 7-16.1 1-22.6L367 167.1c-6-6.5-16.1-6.9-22.6-1l-55.2 50.6c-9.5 8.7-25.7 9.4-34.6 0-9.3-9.9-8.5-25.1 1.2-33.9l65.6-60.1c7.4-6.8 17-10.5 27-10.5l83.7-.2c2.1 0 4.1.8 5.5 2.3l61.7 61.6H544v128zm48 47.7c-8.8 0-16-7.2-16-16s7.2-16 16-16 16 7.2 16 16c0 8.9-7.2 16-16 16z\"><\/path><\/svg>\t\t\t\t\t\t<\/span>\n\t\t\t\t\t\t\t\t\t\t<span class=\"elementor-icon-list-text\">Transmission et accompagnement<\/span>\n\t\t\t\t\t\t\t\t\t<\/li>\n\t\t\t\t\t\t\t\t<li class=\"elementor-icon-list-item\">\n\t\t\t\t\t\t\t\t\t\t\t<span class=\"elementor-icon-list-icon\">\n\t\t\t\t\t\t\t<svg aria-hidden=\"true\" class=\"e-font-icon-svg e-fas-check-circle\" viewBox=\"0 0 512 512\" xmlns=\"http:\/\/www.w3.org\/2000\/svg\"><path d=\"M504 256c0 136.967-111.033 248-248 248S8 392.967 8 256 119.033 8 256 8s248 111.033 248 248zM227.314 387.314l184-184c6.248-6.248 6.248-16.379 0-22.627l-22.627-22.627c-6.248-6.249-16.379-6.249-22.628 0L216 308.118l-70.059-70.059c-6.248-6.248-16.379-6.248-22.628 0l-22.627 22.627c-6.248 6.248-6.248 16.379 0 22.627l104 104c6.249 6.249 16.379 6.249 22.628.001z\"><\/path><\/svg>\t\t\t\t\t\t<\/span>\n\t\t\t\t\t\t\t\t\t\t<span class=\"elementor-icon-list-text\">Excellence artisanale<\/span>\n\t\t\t\t\t\t\t\t\t<\/li>\n\t\t\t\t\t\t<\/ul>\n\t\t\t\t\t\t<\/div>\n\t\t\t\t<\/div>\n\t\t\t\t\t<\/div>\n\t\t\t\t<\/div>\n\t\t\t\t<\/div>\n\t\t","protected":false},"excerpt":{"rendered":"<p>Qui sommes nous ? Nous sommes Paysages Laur\u00e9ats, une entreprise d\u2019am\u00e9nagement paysager bas\u00e9e \u00e0 Cheseaux-Nor\u00e9az, passionn\u00e9e par les jardins qui racontent une histoire\u2026 la v\u00f4tre. Inspir\u00e9s par le symbole du laurier, nous concevons des haies en forme de couronnes, des parterres aux lignes fortes, et des \u201cjardins olympiques\u201d ponctu\u00e9s de sculptures v\u00e9g\u00e9tales. \ud83c\udf31 Nous travaillons [&hellip;]<\/p>\n","protected":false},"author":1,"featured_media":0,"parent":0,"menu_order":0,"comment_status":"closed","ping_status":"closed","template":"","meta":{"footnotes":""},"class_list":["post-296","page","type-page","status-publish","hentry"],"yoast_head":"<!-- This site is optimized with the Yoast SEO plugin v25.3.1 - https:\/\/yoast.com\/wordpress\/plugins\/seo\/ -->\n<title>A propos - Paysages laur\u00e9ats<\/title>\n<meta name=\"robots\" content=\"index, follow, max-snippet:-1, max-image-preview:large, max-video-preview:-1\" \/>\n<link rel=\"canonical\" href=\"https:\/\/ldaulte.eleves.mediamatique.ch\/CIE4-paysages-laur\u00e9ats\/a-propos\/\" \/>\n<meta property=\"og:locale\" content=\"fr_FR\" \/>\n<meta property=\"og:type\" content=\"article\" \/>\n<meta property=\"og:title\" content=\"A propos - Paysages laur\u00e9ats\" \/>\n<meta property=\"og:description\" content=\"Qui sommes nous ? Nous sommes Paysages Laur\u00e9ats, une entreprise d\u2019am\u00e9nagement paysager bas\u00e9e \u00e0 Cheseaux-Nor\u00e9az, passionn\u00e9e par les jardins qui racontent une histoire\u2026 la v\u00f4tre. Inspir\u00e9s par le symbole du laurier, nous concevons des haies en forme de couronnes, des parterres aux lignes fortes, et des \u201cjardins olympiques\u201d ponctu\u00e9s de sculptures v\u00e9g\u00e9tales. \ud83c\udf31 Nous travaillons [&hellip;]\" \/>\n<meta property=\"og:url\" content=\"https:\/\/ldaulte.eleves.mediamatique.ch\/CIE4-paysages-laur\u00e9ats\/a-propos\/\" \/>\n<meta property=\"og:site_name\" content=\"Paysages laur\u00e9ats\" \/>\n<meta property=\"article:modified_time\" content=\"2025-06-20T12:52:08+00:00\" \/>\n<meta property=\"og:image\" content=\"https:\/\/ldaulte.eleves.mediamatique.ch\/CIE4-paysages-laur%C3%A9ats\/wp-content\/uploads\/2025\/06\/quisommenous.jpeg\" \/>\n<meta name=\"twitter:card\" content=\"summary_large_image\" \/>\n<meta name=\"twitter:label1\" content=\"Dur\u00e9e de lecture estim\u00e9e\" \/>\n\t<meta name=\"twitter:data1\" content=\"1 minute\" \/>\n<script type=\"application\/ld+json\" class=\"yoast-schema-graph\">{\"@context\":\"https:\/\/schema.org\",\"@graph\":[{\"@type\":\"WebPage\",\"@id\":\"https:\/\/ldaulte.eleves.mediamatique.ch\/CIE4-paysages-laur%C3%A9ats\/a-propos\/\",\"url\":\"https:\/\/ldaulte.eleves.mediamatique.ch\/CIE4-paysages-laur%C3%A9ats\/a-propos\/\",\"name\":\"A propos - Paysages laur\u00e9ats\",\"isPartOf\":{\"@id\":\"https:\/\/ldaulte.eleves.mediamatique.ch\/CIE4-paysages-laur%C3%A9ats\/#website\"},\"primaryImageOfPage\":{\"@id\":\"https:\/\/ldaulte.eleves.mediamatique.ch\/CIE4-paysages-laur%C3%A9ats\/a-propos\/#primaryimage\"},\"image\":{\"@id\":\"https:\/\/ldaulte.eleves.mediamatique.ch\/CIE4-paysages-laur%C3%A9ats\/a-propos\/#primaryimage\"},\"thumbnailUrl\":\"https:\/\/ldaulte.eleves.mediamatique.ch\/CIE4-paysages-laur%C3%A9ats\/wp-content\/uploads\/2025\/06\/quisommenous.jpeg\",\"datePublished\":\"2025-06-19T13:17:50+00:00\",\"dateModified\":\"2025-06-20T12:52:08+00:00\",\"breadcrumb\":{\"@id\":\"https:\/\/ldaulte.eleves.mediamatique.ch\/CIE4-paysages-laur%C3%A9ats\/a-propos\/#breadcrumb\"},\"inLanguage\":\"fr-FR\",\"potentialAction\":[{\"@type\":\"ReadAction\",\"target\":[\"https:\/\/ldaulte.eleves.mediamatique.ch\/CIE4-paysages-laur%C3%A9ats\/a-propos\/\"]}]},{\"@type\":\"ImageObject\",\"inLanguage\":\"fr-FR\",\"@id\":\"https:\/\/ldaulte.eleves.mediamatique.ch\/CIE4-paysages-laur%C3%A9ats\/a-propos\/#primaryimage\",\"url\":\"https:\/\/ldaulte.eleves.mediamatique.ch\/CIE4-paysages-laur%C3%A9ats\/wp-content\/uploads\/2025\/06\/quisommenous.jpeg\",\"contentUrl\":\"https:\/\/ldaulte.eleves.mediamatique.ch\/CIE4-paysages-laur%C3%A9ats\/wp-content\/uploads\/2025\/06\/quisommenous.jpeg\",\"width\":474,\"height\":295},{\"@type\":\"BreadcrumbList\",\"@id\":\"https:\/\/ldaulte.eleves.mediamatique.ch\/CIE4-paysages-laur%C3%A9ats\/a-propos\/#breadcrumb\",\"itemListElement\":[{\"@type\":\"ListItem\",\"position\":1,\"name\":\"Accueil\",\"item\":\"https:\/\/ldaulte.eleves.mediamatique.ch\/CIE4-paysages-laur%C3%A9ats\/\"},{\"@type\":\"ListItem\",\"position\":2,\"name\":\"A propos\"}]},{\"@type\":\"WebSite\",\"@id\":\"https:\/\/ldaulte.eleves.mediamatique.ch\/CIE4-paysages-laur%C3%A9ats\/#website\",\"url\":\"https:\/\/ldaulte.eleves.mediamatique.ch\/CIE4-paysages-laur%C3%A9ats\/\",\"name\":\"Paysages laur\u00e9ats\",\"description\":\"\",\"publisher\":{\"@id\":\"https:\/\/ldaulte.eleves.mediamatique.ch\/CIE4-paysages-laur%C3%A9ats\/#organization\"},\"potentialAction\":[{\"@type\":\"SearchAction\",\"target\":{\"@type\":\"EntryPoint\",\"urlTemplate\":\"https:\/\/ldaulte.eleves.mediamatique.ch\/CIE4-paysages-laur%C3%A9ats\/?s={search_term_string}\"},\"query-input\":{\"@type\":\"PropertyValueSpecification\",\"valueRequired\":true,\"valueName\":\"search_term_string\"}}],\"inLanguage\":\"fr-FR\"},{\"@type\":\"Organization\",\"@id\":\"https:\/\/ldaulte.eleves.mediamatique.ch\/CIE4-paysages-laur%C3%A9ats\/#organization\",\"name\":\"Paysages laur\u00e9ats\",\"url\":\"https:\/\/ldaulte.eleves.mediamatique.ch\/CIE4-paysages-laur%C3%A9ats\/\",\"logo\":{\"@type\":\"ImageObject\",\"inLanguage\":\"fr-FR\",\"@id\":\"https:\/\/ldaulte.eleves.mediamatique.ch\/CIE4-paysages-laur%C3%A9ats\/#\/schema\/logo\/image\/\",\"url\":\"https:\/\/ldaulte.eleves.mediamatique.ch\/CIE4-paysages-laur%C3%A9ats\/wp-content\/uploads\/2025\/06\/5116726_2692178.png\",\"contentUrl\":\"https:\/\/ldaulte.eleves.mediamatique.ch\/CIE4-paysages-laur%C3%A9ats\/wp-content\/uploads\/2025\/06\/5116726_2692178.png\",\"width\":1716,\"height\":1398,\"caption\":\"Paysages laur\u00e9ats\"},\"image\":{\"@id\":\"https:\/\/ldaulte.eleves.mediamatique.ch\/CIE4-paysages-laur%C3%A9ats\/#\/schema\/logo\/image\/\"}}]}<\/script>\n<!-- \/ Yoast SEO plugin. -->","yoast_head_json":{"title":"A propos - Paysages laur\u00e9ats","robots":{"index":"index","follow":"follow","max-snippet":"max-snippet:-1","max-image-preview":"max-image-preview:large","max-video-preview":"max-video-preview:-1"},"canonical":"https:\/\/ldaulte.eleves.mediamatique.ch\/CIE4-paysages-laur\u00e9ats\/a-propos\/","og_locale":"fr_FR","og_type":"article","og_title":"A propos - Paysages laur\u00e9ats","og_description":"Qui sommes nous ? Nous sommes Paysages Laur\u00e9ats, une entreprise d\u2019am\u00e9nagement paysager bas\u00e9e \u00e0 Cheseaux-Nor\u00e9az, passionn\u00e9e par les jardins qui racontent une histoire\u2026 la v\u00f4tre. Inspir\u00e9s par le symbole du laurier, nous concevons des haies en forme de couronnes, des parterres aux lignes fortes, et des \u201cjardins olympiques\u201d ponctu\u00e9s de sculptures v\u00e9g\u00e9tales. \ud83c\udf31 Nous travaillons [&hellip;]","og_url":"https:\/\/ldaulte.eleves.mediamatique.ch\/CIE4-paysages-laur\u00e9ats\/a-propos\/","og_site_name":"Paysages laur\u00e9ats","article_modified_time":"2025-06-20T12:52:08+00:00","og_image":[{"url":"https:\/\/ldaulte.eleves.mediamatique.ch\/CIE4-paysages-laur%C3%A9ats\/wp-content\/uploads\/2025\/06\/quisommenous.jpeg","type":"","width":"","height":""}],"twitter_card":"summary_large_image","twitter_misc":{"Dur\u00e9e de lecture estim\u00e9e":"1 minute"},"schema":{"@context":"https:\/\/schema.org","@graph":[{"@type":"WebPage","@id":"https:\/\/ldaulte.eleves.mediamatique.ch\/CIE4-paysages-laur%C3%A9ats\/a-propos\/","url":"https:\/\/ldaulte.eleves.mediamatique.ch\/CIE4-paysages-laur%C3%A9ats\/a-propos\/","name":"A propos - Paysages laur\u00e9ats","isPartOf":{"@id":"https:\/\/ldaulte.eleves.mediamatique.ch\/CIE4-paysages-laur%C3%A9ats\/#website"},"primaryImageOfPage":{"@id":"https:\/\/ldaulte.eleves.mediamatique.ch\/CIE4-paysages-laur%C3%A9ats\/a-propos\/#primaryimage"},"image":{"@id":"https:\/\/ldaulte.eleves.mediamatique.ch\/CIE4-paysages-laur%C3%A9ats\/a-propos\/#primaryimage"},"thumbnailUrl":"https:\/\/ldaulte.eleves.mediamatique.ch\/CIE4-paysages-laur%C3%A9ats\/wp-content\/uploads\/2025\/06\/quisommenous.jpeg","datePublished":"2025-06-19T13:17:50+00:00","dateModified":"2025-06-20T12:52:08+00:00","breadcrumb":{"@id":"https:\/\/ldaulte.eleves.mediamatique.ch\/CIE4-paysages-laur%C3%A9ats\/a-propos\/#breadcrumb"},"inLanguage":"fr-FR","potentialAction":[{"@type":"ReadAction","target":["https:\/\/ldaulte.eleves.mediamatique.ch\/CIE4-paysages-laur%C3%A9ats\/a-propos\/"]}]},{"@type":"ImageObject","inLanguage":"fr-FR","@id":"https:\/\/ldaulte.eleves.mediamatique.ch\/CIE4-paysages-laur%C3%A9ats\/a-propos\/#primaryimage","url":"https:\/\/ldaulte.eleves.mediamatique.ch\/CIE4-paysages-laur%C3%A9ats\/wp-content\/uploads\/2025\/06\/quisommenous.jpeg","contentUrl":"https:\/\/ldaulte.eleves.mediamatique.ch\/CIE4-paysages-laur%C3%A9ats\/wp-content\/uploads\/2025\/06\/quisommenous.jpeg","width":474,"height":295},{"@type":"BreadcrumbList","@id":"https:\/\/ldaulte.eleves.mediamatique.ch\/CIE4-paysages-laur%C3%A9ats\/a-propos\/#breadcrumb","itemListElement":[{"@type":"ListItem","position":1,"name":"Accueil","item":"https:\/\/ldaulte.eleves.mediamatique.ch\/CIE4-paysages-laur%C3%A9ats\/"},{"@type":"ListItem","position":2,"name":"A propos"}]},{"@type":"WebSite","@id":"https:\/\/ldaulte.eleves.mediamatique.ch\/CIE4-paysages-laur%C3%A9ats\/#website","url":"https:\/\/ldaulte.eleves.mediamatique.ch\/CIE4-paysages-laur%C3%A9ats\/","name":"Paysages laur\u00e9ats","description":"","publisher":{"@id":"https:\/\/ldaulte.eleves.mediamatique.ch\/CIE4-paysages-laur%C3%A9ats\/#organization"},"potentialAction":[{"@type":"SearchAction","target":{"@type":"EntryPoint","urlTemplate":"https:\/\/ldaulte.eleves.mediamatique.ch\/CIE4-paysages-laur%C3%A9ats\/?s={search_term_string}"},"query-input":{"@type":"PropertyValueSpecification","valueRequired":true,"valueName":"search_term_string"}}],"inLanguage":"fr-FR"},{"@type":"Organization","@id":"https:\/\/ldaulte.eleves.mediamatique.ch\/CIE4-paysages-laur%C3%A9ats\/#organization","name":"Paysages laur\u00e9ats","url":"https:\/\/ldaulte.eleves.mediamatique.ch\/CIE4-paysages-laur%C3%A9ats\/","logo":{"@type":"ImageObject","inLanguage":"fr-FR","@id":"https:\/\/ldaulte.eleves.mediamatique.ch\/CIE4-paysages-laur%C3%A9ats\/#\/schema\/logo\/image\/","url":"https:\/\/ldaulte.eleves.mediamatique.ch\/CIE4-paysages-laur%C3%A9ats\/wp-content\/uploads\/2025\/06\/5116726_2692178.png","contentUrl":"https:\/\/ldaulte.eleves.mediamatique.ch\/CIE4-paysages-laur%C3%A9ats\/wp-content\/uploads\/2025\/06\/5116726_2692178.png","width":1716,"height":1398,"caption":"Paysages laur\u00e9ats"},"image":{"@id":"https:\/\/ldaulte.eleves.mediamatique.ch\/CIE4-paysages-laur%C3%A9ats\/#\/schema\/logo\/image\/"}}]}},"_links":{"self":[{"href":"https:\/\/ldaulte.eleves.mediamatique.ch\/CIE4-paysages-laur%C3%A9ats\/wp-json\/wp\/v2\/pages\/296","targetHints":{"allow":["GET"]}}],"collection":[{"href":"https:\/\/ldaulte.eleves.mediamatique.ch\/CIE4-paysages-laur%C3%A9ats\/wp-json\/wp\/v2\/pages"}],"about":[{"href":"https:\/\/ldaulte.eleves.mediamatique.ch\/CIE4-paysages-laur%C3%A9ats\/wp-json\/wp\/v2\/types\/page"}],"author":[{"embeddable":true,"href":"https:\/\/ldaulte.eleves.mediamatique.ch\/CIE4-paysages-laur%C3%A9ats\/wp-json\/wp\/v2\/users\/1"}],"replies":[{"embeddable":true,"href":"https:\/\/ldaulte.eleves.mediamatique.ch\/CIE4-paysages-laur%C3%A9ats\/wp-json\/wp\/v2\/comments?post=296"}],"version-history":[{"count":31,"href":"https:\/\/ldaulte.eleves.mediamatique.ch\/CIE4-paysages-laur%C3%A9ats\/wp-json\/wp\/v2\/pages\/296\/revisions"}],"predecessor-version":[{"id":585,"href":"https:\/\/ldaulte.eleves.mediamatique.ch\/CIE4-paysages-laur%C3%A9ats\/wp-json\/wp\/v2\/pages\/296\/revisions\/585"}],"wp:attachment":[{"href":"https:\/\/ldaulte.eleves.mediamatique.ch\/CIE4-paysages-laur%C3%A9ats\/wp-json\/wp\/v2\/media?parent=296"}],"curies":[{"name":"wp","href":"https:\/\/api.w.org\/{rel}","templated":true}]}}