{"id":341,"date":"2025-06-19T23:50:25","date_gmt":"2025-06-19T21:50:25","guid":{"rendered":"https:\/\/ldaulte.eleves.mediamatique.ch\/CIE4-paysages-laur%C3%A9ats\/?page_id=341"},"modified":"2025-06-20T14:52:21","modified_gmt":"2025-06-20T12:52:21","slug":"contact","status":"publish","type":"page","link":"https:\/\/ldaulte.eleves.mediamatique.ch\/CIE4-paysages-laur%C3%A9ats\/contact\/","title":{"rendered":"Contact"},"content":{"rendered":"\t\t<div data-elementor-type=\"wp-page\" data-elementor-id=\"341\" class=\"elementor elementor-341\" data-elementor-post-type=\"page\">\n\t\t\t\t<div class=\"elementor-element elementor-element-c5329b7 e-flex e-con-boxed e-con e-parent\" data-id=\"c5329b7\" data-element_type=\"container\">\n\t\t\t\t\t<div class=\"e-con-inner\">\n\t\t\t\t<div class=\"elementor-element elementor-element-29c99ea elementor-widget elementor-widget-heading\" data-id=\"29c99ea\" data-element_type=\"widget\" data-widget_type=\"heading.default\">\n\t\t\t\t<div class=\"elementor-widget-container\">\n\t\t\t\t\t<h2 class=\"elementor-heading-title elementor-size-default\">Contactez nous !<\/h2>\t\t\t\t<\/div>\n\t\t\t\t<\/div>\n\t\t\t\t<div class=\"elementor-element elementor-element-8d1f62a elementor-widget elementor-widget-heading\" data-id=\"8d1f62a\" data-element_type=\"widget\" data-widget_type=\"heading.default\">\n\t\t\t\t<div class=\"elementor-widget-container\">\n\t\t\t\t\t<h2 class=\"elementor-heading-title elementor-size-default\">Une question ? Un besoin particulier ?\nN'h\u00e9sitez pas \u00e0 nous contacter !<\/h2>\t\t\t\t<\/div>\n\t\t\t\t<\/div>\n\t\t\t\t\t<\/div>\n\t\t\t\t<\/div>\n\t\t<div class=\"elementor-element elementor-element-0e82769 e-flex e-con-boxed e-con e-parent\" data-id=\"0e82769\" data-element_type=\"container\">\n\t\t\t\t\t<div class=\"e-con-inner\">\n\t\t\t\t<div class=\"elementor-element elementor-element-4a01e77 elementor-button-align-stretch elementor-widget elementor-widget-form\" data-id=\"4a01e77\" data-element_type=\"widget\" data-settings=\"{&quot;step_next_label&quot;:&quot;Suivant&quot;,&quot;step_previous_label&quot;:&quot;Pr\\u00e9c\\u00e9dent&quot;,&quot;button_width&quot;:&quot;60&quot;,&quot;step_type&quot;:&quot;number_text&quot;,&quot;step_icon_shape&quot;:&quot;circle&quot;}\" data-widget_type=\"form.default\">\n\t\t\t\t<div class=\"elementor-widget-container\">\n\t\t\t\t\t\t\t<form class=\"elementor-form\" method=\"post\" name=\"Nouveau formulaire\" aria-label=\"Nouveau formulaire\">\n\t\t\t<input type=\"hidden\" name=\"post_id\" value=\"341\"\/>\n\t\t\t<input type=\"hidden\" name=\"form_id\" value=\"4a01e77\"\/>\n\t\t\t<input type=\"hidden\" name=\"referer_title\" value=\"Contact - Paysages laur\u00e9ats\" \/>\n\n\t\t\t\t\t\t\t<input type=\"hidden\" name=\"queried_id\" value=\"341\"\/>\n\t\t\t\n\t\t\t<div class=\"elementor-form-fields-wrapper elementor-labels-above\">\n\t\t\t\t\t\t\t\t<div class=\"elementor-field-type-text elementor-field-group elementor-column elementor-field-group-name elementor-col-100\">\n\t\t\t\t\t\t\t\t\t\t\t\t<label for=\"form-field-name\" class=\"elementor-field-label\">\n\t\t\t\t\t\t\t\tNom\t\t\t\t\t\t\t<\/label>\n\t\t\t\t\t\t\t\t\t\t\t\t\t\t<input size=\"1\" type=\"text\" name=\"form_fields[name]\" id=\"form-field-name\" class=\"elementor-field elementor-size-sm  elementor-field-textual\" placeholder=\"Nom\">\n\t\t\t\t\t\t\t\t\t\t\t<\/div>\n\t\t\t\t\t\t\t\t<div class=\"elementor-field-type-email elementor-field-group elementor-column elementor-field-group-email elementor-col-100 elementor-field-required\">\n\t\t\t\t\t\t\t\t\t\t\t\t<label for=\"form-field-email\" class=\"elementor-field-label\">\n\t\t\t\t\t\t\t\tE-mail\t\t\t\t\t\t\t<\/label>\n\t\t\t\t\t\t\t\t\t\t\t\t\t\t<input size=\"1\" type=\"email\" name=\"form_fields[email]\" id=\"form-field-email\" class=\"elementor-field elementor-size-sm  elementor-field-textual\" placeholder=\"E-mail\" required=\"required\">\n\t\t\t\t\t\t\t\t\t\t\t<\/div>\n\t\t\t\t\t\t\t\t<div class=\"elementor-field-type-textarea elementor-field-group elementor-column elementor-field-group-message elementor-col-100\">\n\t\t\t\t\t\t\t\t\t\t\t\t<label for=\"form-field-message\" class=\"elementor-field-label\">\n\t\t\t\t\t\t\t\tMessage\t\t\t\t\t\t\t<\/label>\n\t\t\t\t\t\t<textarea class=\"elementor-field-textual elementor-field  elementor-size-sm\" name=\"form_fields[message]\" id=\"form-field-message\" rows=\"4\" placeholder=\"Message\"><\/textarea>\t\t\t\t<\/div>\n\t\t\t\t\t\t\t\t<div class=\"elementor-field-type-recaptcha elementor-field-group elementor-column elementor-field-group-field_b010967 elementor-col-100\">\n\t\t\t\t\t<div class=\"elementor-field\" id=\"form-field-field_b010967\"><div class=\"elementor-g-recaptcha\" data-sitekey=\"6Ld74WYrAAAAAMHiqyWtwUgtvIK-N0z6YgFr5fm4\" data-type=\"v2_checkbox\" data-theme=\"light\" data-size=\"normal\"><\/div><\/div>\t\t\t\t<\/div>\n\t\t\t\t\t\t\t\t<div class=\"elementor-field-group elementor-column elementor-field-type-submit elementor-col-60 e-form__buttons\">\n\t\t\t\t\t<button class=\"elementor-button elementor-size-sm\" type=\"submit\">\n\t\t\t\t\t\t<span class=\"elementor-button-content-wrapper\">\n\t\t\t\t\t\t\t\t\t\t\t\t\t\t\t\t\t\t\t\t\t\t<span class=\"elementor-button-text\">Envoyer<\/span>\n\t\t\t\t\t\t\t\t\t\t\t\t\t<\/span>\n\t\t\t\t\t<\/button>\n\t\t\t\t<\/div>\n\t\t\t<\/div>\n\t\t<\/form>\n\t\t\t\t\t\t<\/div>\n\t\t\t\t<\/div>\n\t\t\t\t\t<\/div>\n\t\t\t\t<\/div>\n\t\t<div class=\"elementor-element elementor-element-ba234b1 e-flex e-con-boxed e-con e-parent\" data-id=\"ba234b1\" data-element_type=\"container\">\n\t\t\t\t\t<div class=\"e-con-inner\">\n\t\t\t\t<div class=\"elementor-element elementor-element-a7c24bd elementor-widget elementor-widget-heading\" data-id=\"a7c24bd\" data-element_type=\"widget\" data-widget_type=\"heading.default\">\n\t\t\t\t<div class=\"elementor-widget-container\">\n\t\t\t\t\t<h2 class=\"elementor-heading-title elementor-size-default\">Emplacement<\/h2>\t\t\t\t<\/div>\n\t\t\t\t<\/div>\n\t\t\t\t\t<\/div>\n\t\t\t\t<\/div>\n\t\t<div class=\"elementor-element elementor-element-9ba2960 e-flex e-con-boxed e-con e-parent\" data-id=\"9ba2960\" data-element_type=\"container\">\n\t\t\t\t\t<div class=\"e-con-inner\">\n\t\t\t\t<div class=\"elementor-element elementor-element-ffea131 elementor-widget elementor-widget-google_maps\" data-id=\"ffea131\" data-element_type=\"widget\" data-widget_type=\"google_maps.default\">\n\t\t\t\t<div class=\"elementor-widget-container\">\n\t\t\t\t\t\t\t<div class=\"elementor-custom-embed\">\n\t\t\t<iframe loading=\"lazy\"\n\t\t\t\t\tsrc=\"https:\/\/maps.google.com\/maps?q=1400%20Cheseaux-Nor%C3%A9az%20Suisse&#038;t=m&#038;z=15&#038;output=embed&#038;iwloc=near\"\n\t\t\t\t\ttitle=\"1400 Cheseaux-Nor\u00e9az Suisse\"\n\t\t\t\t\taria-label=\"1400 Cheseaux-Nor\u00e9az Suisse\"\n\t\t\t><\/iframe>\n\t\t<\/div>\n\t\t\t\t\t\t<\/div>\n\t\t\t\t<\/div>\n\t\t\t\t\t<\/div>\n\t\t\t\t<\/div>\n\t\t\t\t<\/div>\n\t\t","protected":false},"excerpt":{"rendered":"<p>Contactez nous ! Une question ? Un besoin particulier ? N&rsquo;h\u00e9sitez pas \u00e0 nous contacter ! Emplacement<\/p>\n","protected":false},"author":1,"featured_media":0,"parent":0,"menu_order":0,"comment_status":"closed","ping_status":"closed","template":"","meta":{"footnotes":""},"class_list":["post-341","page","type-page","status-publish","hentry"],"yoast_head":"<!-- This site is optimized with the Yoast SEO plugin v25.3.1 - https:\/\/yoast.com\/wordpress\/plugins\/seo\/ -->\n<title>Contact - Paysages laur\u00e9ats<\/title>\n<meta name=\"robots\" content=\"index, follow, max-snippet:-1, max-image-preview:large, max-video-preview:-1\" \/>\n<link rel=\"canonical\" href=\"https:\/\/ldaulte.eleves.mediamatique.ch\/CIE4-paysages-laur\u00e9ats\/contact\/\" \/>\n<meta property=\"og:locale\" content=\"fr_FR\" \/>\n<meta property=\"og:type\" content=\"article\" \/>\n<meta property=\"og:title\" content=\"Contact - Paysages laur\u00e9ats\" \/>\n<meta property=\"og:description\" content=\"Contactez nous ! Une question ? Un besoin particulier ? N&rsquo;h\u00e9sitez pas \u00e0 nous contacter ! Emplacement\" \/>\n<meta property=\"og:url\" content=\"https:\/\/ldaulte.eleves.mediamatique.ch\/CIE4-paysages-laur\u00e9ats\/contact\/\" \/>\n<meta property=\"og:site_name\" content=\"Paysages laur\u00e9ats\" \/>\n<meta property=\"article:modified_time\" content=\"2025-06-20T12:52:21+00:00\" \/>\n<meta name=\"twitter:card\" content=\"summary_large_image\" \/>\n<meta name=\"twitter:label1\" content=\"Dur\u00e9e de lecture estim\u00e9e\" \/>\n\t<meta name=\"twitter:data1\" content=\"1 minute\" \/>\n<script type=\"application\/ld+json\" class=\"yoast-schema-graph\">{\"@context\":\"https:\/\/schema.org\",\"@graph\":[{\"@type\":\"WebPage\",\"@id\":\"https:\/\/ldaulte.eleves.mediamatique.ch\/CIE4-paysages-laur%C3%A9ats\/contact\/\",\"url\":\"https:\/\/ldaulte.eleves.mediamatique.ch\/CIE4-paysages-laur%C3%A9ats\/contact\/\",\"name\":\"Contact - Paysages laur\u00e9ats\",\"isPartOf\":{\"@id\":\"https:\/\/ldaulte.eleves.mediamatique.ch\/CIE4-paysages-laur%C3%A9ats\/#website\"},\"datePublished\":\"2025-06-19T21:50:25+00:00\",\"dateModified\":\"2025-06-20T12:52:21+00:00\",\"breadcrumb\":{\"@id\":\"https:\/\/ldaulte.eleves.mediamatique.ch\/CIE4-paysages-laur%C3%A9ats\/contact\/#breadcrumb\"},\"inLanguage\":\"fr-FR\",\"potentialAction\":[{\"@type\":\"ReadAction\",\"target\":[\"https:\/\/ldaulte.eleves.mediamatique.ch\/CIE4-paysages-laur%C3%A9ats\/contact\/\"]}]},{\"@type\":\"BreadcrumbList\",\"@id\":\"https:\/\/ldaulte.eleves.mediamatique.ch\/CIE4-paysages-laur%C3%A9ats\/contact\/#breadcrumb\",\"itemListElement\":[{\"@type\":\"ListItem\",\"position\":1,\"name\":\"Accueil\",\"item\":\"https:\/\/ldaulte.eleves.mediamatique.ch\/CIE4-paysages-laur%C3%A9ats\/\"},{\"@type\":\"ListItem\",\"position\":2,\"name\":\"Contact\"}]},{\"@type\":\"WebSite\",\"@id\":\"https:\/\/ldaulte.eleves.mediamatique.ch\/CIE4-paysages-laur%C3%A9ats\/#website\",\"url\":\"https:\/\/ldaulte.eleves.mediamatique.ch\/CIE4-paysages-laur%C3%A9ats\/\",\"name\":\"Paysages laur\u00e9ats\",\"description\":\"\",\"publisher\":{\"@id\":\"https:\/\/ldaulte.eleves.mediamatique.ch\/CIE4-paysages-laur%C3%A9ats\/#organization\"},\"potentialAction\":[{\"@type\":\"SearchAction\",\"target\":{\"@type\":\"EntryPoint\",\"urlTemplate\":\"https:\/\/ldaulte.eleves.mediamatique.ch\/CIE4-paysages-laur%C3%A9ats\/?s={search_term_string}\"},\"query-input\":{\"@type\":\"PropertyValueSpecification\",\"valueRequired\":true,\"valueName\":\"search_term_string\"}}],\"inLanguage\":\"fr-FR\"},{\"@type\":\"Organization\",\"@id\":\"https:\/\/ldaulte.eleves.mediamatique.ch\/CIE4-paysages-laur%C3%A9ats\/#organization\",\"name\":\"Paysages laur\u00e9ats\",\"url\":\"https:\/\/ldaulte.eleves.mediamatique.ch\/CIE4-paysages-laur%C3%A9ats\/\",\"logo\":{\"@type\":\"ImageObject\",\"inLanguage\":\"fr-FR\",\"@id\":\"https:\/\/ldaulte.eleves.mediamatique.ch\/CIE4-paysages-laur%C3%A9ats\/#\/schema\/logo\/image\/\",\"url\":\"https:\/\/ldaulte.eleves.mediamatique.ch\/CIE4-paysages-laur%C3%A9ats\/wp-content\/uploads\/2025\/06\/5116726_2692178.png\",\"contentUrl\":\"https:\/\/ldaulte.eleves.mediamatique.ch\/CIE4-paysages-laur%C3%A9ats\/wp-content\/uploads\/2025\/06\/5116726_2692178.png\",\"width\":1716,\"height\":1398,\"caption\":\"Paysages laur\u00e9ats\"},\"image\":{\"@id\":\"https:\/\/ldaulte.eleves.mediamatique.ch\/CIE4-paysages-laur%C3%A9ats\/#\/schema\/logo\/image\/\"}}]}<\/script>\n<!-- \/ Yoast SEO plugin. -->","yoast_head_json":{"title":"Contact - Paysages laur\u00e9ats","robots":{"index":"index","follow":"follow","max-snippet":"max-snippet:-1","max-image-preview":"max-image-preview:large","max-video-preview":"max-video-preview:-1"},"canonical":"https:\/\/ldaulte.eleves.mediamatique.ch\/CIE4-paysages-laur\u00e9ats\/contact\/","og_locale":"fr_FR","og_type":"article","og_title":"Contact - Paysages laur\u00e9ats","og_description":"Contactez nous ! Une question ? Un besoin particulier ? N&rsquo;h\u00e9sitez pas \u00e0 nous contacter ! Emplacement","og_url":"https:\/\/ldaulte.eleves.mediamatique.ch\/CIE4-paysages-laur\u00e9ats\/contact\/","og_site_name":"Paysages laur\u00e9ats","article_modified_time":"2025-06-20T12:52:21+00:00","twitter_card":"summary_large_image","twitter_misc":{"Dur\u00e9e de lecture estim\u00e9e":"1 minute"},"schema":{"@context":"https:\/\/schema.org","@graph":[{"@type":"WebPage","@id":"https:\/\/ldaulte.eleves.mediamatique.ch\/CIE4-paysages-laur%C3%A9ats\/contact\/","url":"https:\/\/ldaulte.eleves.mediamatique.ch\/CIE4-paysages-laur%C3%A9ats\/contact\/","name":"Contact - Paysages laur\u00e9ats","isPartOf":{"@id":"https:\/\/ldaulte.eleves.mediamatique.ch\/CIE4-paysages-laur%C3%A9ats\/#website"},"datePublished":"2025-06-19T21:50:25+00:00","dateModified":"2025-06-20T12:52:21+00:00","breadcrumb":{"@id":"https:\/\/ldaulte.eleves.mediamatique.ch\/CIE4-paysages-laur%C3%A9ats\/contact\/#breadcrumb"},"inLanguage":"fr-FR","potentialAction":[{"@type":"ReadAction","target":["https:\/\/ldaulte.eleves.mediamatique.ch\/CIE4-paysages-laur%C3%A9ats\/contact\/"]}]},{"@type":"BreadcrumbList","@id":"https:\/\/ldaulte.eleves.mediamatique.ch\/CIE4-paysages-laur%C3%A9ats\/contact\/#breadcrumb","itemListElement":[{"@type":"ListItem","position":1,"name":"Accueil","item":"https:\/\/ldaulte.eleves.mediamatique.ch\/CIE4-paysages-laur%C3%A9ats\/"},{"@type":"ListItem","position":2,"name":"Contact"}]},{"@type":"WebSite","@id":"https:\/\/ldaulte.eleves.mediamatique.ch\/CIE4-paysages-laur%C3%A9ats\/#website","url":"https:\/\/ldaulte.eleves.mediamatique.ch\/CIE4-paysages-laur%C3%A9ats\/","name":"Paysages laur\u00e9ats","description":"","publisher":{"@id":"https:\/\/ldaulte.eleves.mediamatique.ch\/CIE4-paysages-laur%C3%A9ats\/#organization"},"potentialAction":[{"@type":"SearchAction","target":{"@type":"EntryPoint","urlTemplate":"https:\/\/ldaulte.eleves.mediamatique.ch\/CIE4-paysages-laur%C3%A9ats\/?s={search_term_string}"},"query-input":{"@type":"PropertyValueSpecification","valueRequired":true,"valueName":"search_term_string"}}],"inLanguage":"fr-FR"},{"@type":"Organization","@id":"https:\/\/ldaulte.eleves.mediamatique.ch\/CIE4-paysages-laur%C3%A9ats\/#organization","name":"Paysages laur\u00e9ats","url":"https:\/\/ldaulte.eleves.mediamatique.ch\/CIE4-paysages-laur%C3%A9ats\/","logo":{"@type":"ImageObject","inLanguage":"fr-FR","@id":"https:\/\/ldaulte.eleves.mediamatique.ch\/CIE4-paysages-laur%C3%A9ats\/#\/schema\/logo\/image\/","url":"https:\/\/ldaulte.eleves.mediamatique.ch\/CIE4-paysages-laur%C3%A9ats\/wp-content\/uploads\/2025\/06\/5116726_2692178.png","contentUrl":"https:\/\/ldaulte.eleves.mediamatique.ch\/CIE4-paysages-laur%C3%A9ats\/wp-content\/uploads\/2025\/06\/5116726_2692178.png","width":1716,"height":1398,"caption":"Paysages laur\u00e9ats"},"image":{"@id":"https:\/\/ldaulte.eleves.mediamatique.ch\/CIE4-paysages-laur%C3%A9ats\/#\/schema\/logo\/image\/"}}]}},"_links":{"self":[{"href":"https:\/\/ldaulte.eleves.mediamatique.ch\/CIE4-paysages-laur%C3%A9ats\/wp-json\/wp\/v2\/pages\/341","targetHints":{"allow":["GET"]}}],"collection":[{"href":"https:\/\/ldaulte.eleves.mediamatique.ch\/CIE4-paysages-laur%C3%A9ats\/wp-json\/wp\/v2\/pages"}],"about":[{"href":"https:\/\/ldaulte.eleves.mediamatique.ch\/CIE4-paysages-laur%C3%A9ats\/wp-json\/wp\/v2\/types\/page"}],"author":[{"embeddable":true,"href":"https:\/\/ldaulte.eleves.mediamatique.ch\/CIE4-paysages-laur%C3%A9ats\/wp-json\/wp\/v2\/users\/1"}],"replies":[{"embeddable":true,"href":"https:\/\/ldaulte.eleves.mediamatique.ch\/CIE4-paysages-laur%C3%A9ats\/wp-json\/wp\/v2\/comments?post=341"}],"version-history":[{"count":34,"href":"https:\/\/ldaulte.eleves.mediamatique.ch\/CIE4-paysages-laur%C3%A9ats\/wp-json\/wp\/v2\/pages\/341\/revisions"}],"predecessor-version":[{"id":588,"href":"https:\/\/ldaulte.eleves.mediamatique.ch\/CIE4-paysages-laur%C3%A9ats\/wp-json\/wp\/v2\/pages\/341\/revisions\/588"}],"wp:attachment":[{"href":"https:\/\/ldaulte.eleves.mediamatique.ch\/CIE4-paysages-laur%C3%A9ats\/wp-json\/wp\/v2\/media?parent=341"}],"curies":[{"name":"wp","href":"https:\/\/api.w.org\/{rel}","templated":true}]}}