{"id":391,"date":"2025-06-20T01:17:28","date_gmt":"2025-06-19T23:17:28","guid":{"rendered":"https:\/\/ldaulte.eleves.mediamatique.ch\/CIE4-paysages-laur%C3%A9ats\/?page_id=391"},"modified":"2025-06-20T14:52:44","modified_gmt":"2025-06-20T12:52:44","slug":"reviews","status":"publish","type":"page","link":"https:\/\/ldaulte.eleves.mediamatique.ch\/CIE4-paysages-laur%C3%A9ats\/reviews\/","title":{"rendered":"Reviews"},"content":{"rendered":"\t\t<div data-elementor-type=\"wp-page\" data-elementor-id=\"391\" class=\"elementor elementor-391\" data-elementor-post-type=\"page\">\n\t\t\t\t<div class=\"elementor-element elementor-element-ff3a303 e-flex e-con-boxed e-con e-parent\" data-id=\"ff3a303\" data-element_type=\"container\" data-settings=\"{&quot;background_background&quot;:&quot;classic&quot;,&quot;shape_divider_bottom&quot;:&quot;clouds&quot;}\">\n\t\t\t\t\t<div class=\"e-con-inner\">\n\t\t\t\t<div class=\"elementor-shape elementor-shape-bottom\" aria-hidden=\"true\" data-negative=\"false\">\n\t\t\t<svg xmlns=\"http:\/\/www.w3.org\/2000\/svg\" viewBox=\"0 0 283.5 27.8\" preserveAspectRatio=\"xMidYMax slice\">\n  <path class=\"elementor-shape-fill\" d=\"M0 0v6.7c1.9-.8 4.7-1.4 8.5-1 9.5 1.1 11.1 6 11.1 6s2.1-.7 4.3-.2c2.1.5 2.8 2.6 2.8 2.6s.2-.5 1.4-.7c1.2-.2 1.7.2 1.7.2s0-2.1 1.9-2.8c1.9-.7 3.6.7 3.6.7s.7-2.9 3.1-4.1 4.7 0 4.7 0 1.2-.5 2.4 0 1.7 1.4 1.7 1.4h1.4c.7 0 1.2.7 1.2.7s.8-1.8 4-2.2c3.5-.4 5.3 2.4 6.2 4.4.4-.4 1-.7 1.8-.9 2.8-.7 4 .7 4 .7s1.7-5 11.1-6c9.5-1.1 12.3 3.9 12.3 3.9s1.2-4.8 5.7-5.7c4.5-.9 6.8 1.8 6.8 1.8s.6-.6 1.5-.9c.9-.2 1.9-.2 1.9-.2s5.2-6.4 12.6-3.3c7.3 3.1 4.7 9 4.7 9s1.9-.9 4 0 2.8 2.4 2.8 2.4 1.9-1.2 4.5-1.2 4.3 1.2 4.3 1.2.2-1 1.4-1.7 2.1-.7 2.1-.7-.5-3.1 2.1-5.5 5.7-1.4 5.7-1.4 1.5-2.3 4.2-1.1c2.7 1.2 1.7 5.2 1.7 5.2s.3-.1 1.3.5c.5.4.8.8.9 1.1.5-1.4 2.4-5.8 8.4-4 7.1 2.1 3.5 8.9 3.5 8.9s.8-.4 2 0 1.1 1.1 1.1 1.1 1.1-1.1 2.3-1.1 2.1.5 2.1.5 1.9-3.6 6.2-1.2 1.9 6.4 1.9 6.4 2.6-2.4 7.4 0c3.4 1.7 3.9 4.9 3.9 4.9s3.3-6.9 10.4-7.9 11.5 2.6 11.5 2.6.8 0 1.2.2c.4.2.9.9.9.9s4.4-3.1 8.3.2c1.9 1.7 1.5 5 1.5 5s.3-1.1 1.6-1.4c1.3-.3 2.3.2 2.3.2s-.1-1.2.5-1.9 1.9-.9 1.9-.9-4.7-9.3 4.4-13.4c5.6-2.5 9.2.9 9.2.9s5-6.2 15.9-6.2 16.1 8.1 16.1 8.1.7-.2 1.6-.4V0H0z\"\/>\n<\/svg>\n\t\t<\/div>\n\t\t\t\t<div class=\"elementor-element elementor-element-fceaff4 e-transform elementor-widget elementor-widget-heading\" data-id=\"fceaff4\" data-element_type=\"widget\" data-settings=\"{&quot;_transform_translateX_effect&quot;:{&quot;unit&quot;:&quot;px&quot;,&quot;size&quot;:30,&quot;sizes&quot;:[]},&quot;_transform_translateY_effect&quot;:{&quot;unit&quot;:&quot;px&quot;,&quot;size&quot;:108,&quot;sizes&quot;:[]},&quot;_transform_translateX_effect_tablet&quot;:{&quot;unit&quot;:&quot;px&quot;,&quot;size&quot;:&quot;&quot;,&quot;sizes&quot;:[]},&quot;_transform_translateX_effect_mobile&quot;:{&quot;unit&quot;:&quot;px&quot;,&quot;size&quot;:&quot;&quot;,&quot;sizes&quot;:[]},&quot;_transform_translateY_effect_tablet&quot;:{&quot;unit&quot;:&quot;px&quot;,&quot;size&quot;:&quot;&quot;,&quot;sizes&quot;:[]},&quot;_transform_translateY_effect_mobile&quot;:{&quot;unit&quot;:&quot;px&quot;,&quot;size&quot;:&quot;&quot;,&quot;sizes&quot;:[]}}\" data-widget_type=\"heading.default\">\n\t\t\t\t<div class=\"elementor-widget-container\">\n\t\t\t\t\t<h2 class=\"elementor-heading-title elementor-size-default\">Reviews<\/h2>\t\t\t\t<\/div>\n\t\t\t\t<\/div>\n\t\t\t\t\t<\/div>\n\t\t\t\t<\/div>\n\t\t<div class=\"elementor-element elementor-element-8f29c14 e-flex e-con-boxed e-con e-parent\" data-id=\"8f29c14\" data-element_type=\"container\">\n\t\t\t\t\t<div class=\"e-con-inner\">\n\t\t\t\t<div class=\"elementor-element elementor-element-744df0b elementor-grid-3 elementor-grid-tablet-2 elementor-grid-mobile-1 elementor-posts--thumbnail-top elementor-widget elementor-widget-posts\" data-id=\"744df0b\" data-element_type=\"widget\" data-settings=\"{&quot;classic_columns&quot;:&quot;3&quot;,&quot;classic_columns_tablet&quot;:&quot;2&quot;,&quot;classic_columns_mobile&quot;:&quot;1&quot;,&quot;classic_row_gap&quot;:{&quot;unit&quot;:&quot;px&quot;,&quot;size&quot;:35,&quot;sizes&quot;:[]},&quot;classic_row_gap_tablet&quot;:{&quot;unit&quot;:&quot;px&quot;,&quot;size&quot;:&quot;&quot;,&quot;sizes&quot;:[]},&quot;classic_row_gap_mobile&quot;:{&quot;unit&quot;:&quot;px&quot;,&quot;size&quot;:&quot;&quot;,&quot;sizes&quot;:[]}}\" data-widget_type=\"posts.classic\">\n\t\t\t\t<div class=\"elementor-widget-container\">\n\t\t\t\t\t\t\t<div class=\"elementor-posts-container elementor-posts elementor-posts--skin-classic elementor-grid\" role=\"list\">\n\t\t\t\t<article class=\"elementor-post elementor-grid-item post-380 post type-post status-publish format-standard has-post-thumbnail hentry category-reviews\" role=\"listitem\">\n\t\t\t\t<a class=\"elementor-post__thumbnail__link\" href=\"https:\/\/ldaulte.eleves.mediamatique.ch\/CIE4-paysages-laur%C3%A9ats\/2025\/06\/20\/paillage-eco-cocomulch\/\" tabindex=\"-1\" >\n\t\t\t<div class=\"elementor-post__thumbnail\"><img fetchpriority=\"high\" decoding=\"async\" width=\"300\" height=\"260\" src=\"https:\/\/ldaulte.eleves.mediamatique.ch\/CIE4-paysages-laur%C3%A9ats\/wp-content\/uploads\/2025\/06\/paillage-300x260.jpg\" class=\"attachment-medium size-medium wp-image-414\" alt=\"\" srcset=\"https:\/\/ldaulte.eleves.mediamatique.ch\/CIE4-paysages-laur%C3%A9ats\/wp-content\/uploads\/2025\/06\/paillage-300x260.jpg 300w, https:\/\/ldaulte.eleves.mediamatique.ch\/CIE4-paysages-laur%C3%A9ats\/wp-content\/uploads\/2025\/06\/paillage-1024x888.jpg 1024w, https:\/\/ldaulte.eleves.mediamatique.ch\/CIE4-paysages-laur%C3%A9ats\/wp-content\/uploads\/2025\/06\/paillage-768x666.jpg 768w, https:\/\/ldaulte.eleves.mediamatique.ch\/CIE4-paysages-laur%C3%A9ats\/wp-content\/uploads\/2025\/06\/paillage-1536x1333.jpg 1536w, https:\/\/ldaulte.eleves.mediamatique.ch\/CIE4-paysages-laur%C3%A9ats\/wp-content\/uploads\/2025\/06\/paillage-2048x1777.jpg 2048w, https:\/\/ldaulte.eleves.mediamatique.ch\/CIE4-paysages-laur%C3%A9ats\/wp-content\/uploads\/2025\/06\/paillage-600x521.jpg 600w\" sizes=\"(max-width: 300px) 100vw, 300px\" \/><\/div>\n\t\t<\/a>\n\t\t\t\t<div class=\"elementor-post__text\">\n\t\t\t\t<h3 class=\"elementor-post__title\">\n\t\t\t<a href=\"https:\/\/ldaulte.eleves.mediamatique.ch\/CIE4-paysages-laur%C3%A9ats\/2025\/06\/20\/paillage-eco-cocomulch\/\" >\n\t\t\t\tPaillage \u00e9co CocoMulch\t\t\t<\/a>\n\t\t<\/h3>\n\t\t\t\t<div class=\"elementor-post__meta-data\">\n\t\t\t\t\t<span class=\"elementor-post-date\">\n\t\t\t20 juin 2025\t\t<\/span>\n\t\t\t\t<span class=\"elementor-post-avatar\">\n\t\t\tAucun commentaire\t\t<\/span>\n\t\t\t\t<\/div>\n\t\t\t\t<div class=\"elementor-post__excerpt\">\n\t\t\t<p>On a test\u00e9 le paillage CocoMulch : \u00e9cologique, joli et super simple \u00e0 poser. Est-ce qu\u2019il tient bien dans le temps\u202f? Prot\u00e8ge-t-il vraiment contre les mauvaises herbes et la s\u00e9cheresse\u202f? Voici notre retour 100\u202f% terrain \ud83c\udf42<\/p>\n\t\t<\/div>\n\t\t\n\t\t<a class=\"elementor-post__read-more\" href=\"https:\/\/ldaulte.eleves.mediamatique.ch\/CIE4-paysages-laur%C3%A9ats\/2025\/06\/20\/paillage-eco-cocomulch\/\" aria-label=\"En savoir plus sur Paillage \u00e9co CocoMulch\" tabindex=\"-1\" >\n\t\t\tLire la suite \u00bb\t\t<\/a>\n\n\t\t\t\t<\/div>\n\t\t\t\t<\/article>\n\t\t\t\t<article class=\"elementor-post elementor-grid-item post-378 post type-post status-publish format-standard has-post-thumbnail hentry category-reviews\" role=\"listitem\">\n\t\t\t\t<a class=\"elementor-post__thumbnail__link\" href=\"https:\/\/ldaulte.eleves.mediamatique.ch\/CIE4-paysages-laur%C3%A9ats\/2025\/06\/20\/tondeuse-autonome-leafmower-pro\/\" tabindex=\"-1\" >\n\t\t\t<div class=\"elementor-post__thumbnail\"><img decoding=\"async\" width=\"300\" height=\"205\" src=\"https:\/\/ldaulte.eleves.mediamatique.ch\/CIE4-paysages-laur%C3%A9ats\/wp-content\/uploads\/2025\/06\/robot-tondeuse-300x205.jpg\" class=\"attachment-medium size-medium wp-image-416\" alt=\"\" srcset=\"https:\/\/ldaulte.eleves.mediamatique.ch\/CIE4-paysages-laur%C3%A9ats\/wp-content\/uploads\/2025\/06\/robot-tondeuse-300x205.jpg 300w, https:\/\/ldaulte.eleves.mediamatique.ch\/CIE4-paysages-laur%C3%A9ats\/wp-content\/uploads\/2025\/06\/robot-tondeuse-1024x701.jpg 1024w, https:\/\/ldaulte.eleves.mediamatique.ch\/CIE4-paysages-laur%C3%A9ats\/wp-content\/uploads\/2025\/06\/robot-tondeuse-768x525.jpg 768w, https:\/\/ldaulte.eleves.mediamatique.ch\/CIE4-paysages-laur%C3%A9ats\/wp-content\/uploads\/2025\/06\/robot-tondeuse-600x411.jpg 600w, https:\/\/ldaulte.eleves.mediamatique.ch\/CIE4-paysages-laur%C3%A9ats\/wp-content\/uploads\/2025\/06\/robot-tondeuse.jpg 1216w\" sizes=\"(max-width: 300px) 100vw, 300px\" \/><\/div>\n\t\t<\/a>\n\t\t\t\t<div class=\"elementor-post__text\">\n\t\t\t\t<h3 class=\"elementor-post__title\">\n\t\t\t<a href=\"https:\/\/ldaulte.eleves.mediamatique.ch\/CIE4-paysages-laur%C3%A9ats\/2025\/06\/20\/tondeuse-autonome-leafmower-pro\/\" >\n\t\t\t\tTondeuse autonome LeafMower Pro\t\t\t<\/a>\n\t\t<\/h3>\n\t\t\t\t<div class=\"elementor-post__meta-data\">\n\t\t\t\t\t<span class=\"elementor-post-date\">\n\t\t\t20 juin 2025\t\t<\/span>\n\t\t\t\t<span class=\"elementor-post-avatar\">\n\t\t\tAucun commentaire\t\t<\/span>\n\t\t\t\t<\/div>\n\t\t\t\t<div class=\"elementor-post__excerpt\">\n\t\t\t<p>\u00c9quip\u00e9e de capteurs intelligents et d\u2019un moteur ultra-silencieux, la LeafMower Pro red\u00e9finit la tonte autonome des jardins priv\u00e9s. Voici notre retour apr\u00e8s deux semaines de test terrain.<\/p>\n\t\t<\/div>\n\t\t\n\t\t<a class=\"elementor-post__read-more\" href=\"https:\/\/ldaulte.eleves.mediamatique.ch\/CIE4-paysages-laur%C3%A9ats\/2025\/06\/20\/tondeuse-autonome-leafmower-pro\/\" aria-label=\"En savoir plus sur Tondeuse autonome LeafMower Pro\" tabindex=\"-1\" >\n\t\t\tLire la suite \u00bb\t\t<\/a>\n\n\t\t\t\t<\/div>\n\t\t\t\t<\/article>\n\t\t\t\t<article class=\"elementor-post elementor-grid-item post-373 post type-post status-publish format-standard has-post-thumbnail hentry category-reviews\" role=\"listitem\">\n\t\t\t\t<a class=\"elementor-post__thumbnail__link\" href=\"https:\/\/ldaulte.eleves.mediamatique.ch\/CIE4-paysages-laur%C3%A9ats\/2025\/06\/20\/test-du-systeme-darrosage-aquapro-enfin-un-ete-sans-stress\/\" tabindex=\"-1\" >\n\t\t\t<div class=\"elementor-post__thumbnail\"><img decoding=\"async\" width=\"300\" height=\"187\" src=\"https:\/\/ldaulte.eleves.mediamatique.ch\/CIE4-paysages-laur%C3%A9ats\/wp-content\/uploads\/2025\/06\/test-arrosage-300x187.jpeg\" class=\"attachment-medium size-medium wp-image-375\" alt=\"\" srcset=\"https:\/\/ldaulte.eleves.mediamatique.ch\/CIE4-paysages-laur%C3%A9ats\/wp-content\/uploads\/2025\/06\/test-arrosage-300x187.jpeg 300w, https:\/\/ldaulte.eleves.mediamatique.ch\/CIE4-paysages-laur%C3%A9ats\/wp-content\/uploads\/2025\/06\/test-arrosage.jpeg 474w\" sizes=\"(max-width: 300px) 100vw, 300px\" \/><\/div>\n\t\t<\/a>\n\t\t\t\t<div class=\"elementor-post__text\">\n\t\t\t\t<h3 class=\"elementor-post__title\">\n\t\t\t<a href=\"https:\/\/ldaulte.eleves.mediamatique.ch\/CIE4-paysages-laur%C3%A9ats\/2025\/06\/20\/test-du-systeme-darrosage-aquapro-enfin-un-ete-sans-stress\/\" >\n\t\t\t\tTest du syst\u00e8me d\u2019arrosage AquaPro \u2014 enfin un \u00e9t\u00e9 sans stress ?\t\t\t<\/a>\n\t\t<\/h3>\n\t\t\t\t<div class=\"elementor-post__meta-data\">\n\t\t\t\t\t<span class=\"elementor-post-date\">\n\t\t\t20 juin 2025\t\t<\/span>\n\t\t\t\t<span class=\"elementor-post-avatar\">\n\t\t\t2 commentaires\t\t<\/span>\n\t\t\t\t<\/div>\n\t\t\t\t<div class=\"elementor-post__excerpt\">\n\t\t\t<p>On a test\u00e9 AquaPro, un syst\u00e8me d\u2019arrosage connect\u00e9 pens\u00e9 pour simplifier la vie au jardin. Installation, capteurs m\u00e9t\u00e9o, autonomie\u2026 on a tout essay\u00e9 pour voir s\u2019il tient ses promesses \ud83d\udca6\ud83c\udf31<\/p>\n\t\t<\/div>\n\t\t\n\t\t<a class=\"elementor-post__read-more\" href=\"https:\/\/ldaulte.eleves.mediamatique.ch\/CIE4-paysages-laur%C3%A9ats\/2025\/06\/20\/test-du-systeme-darrosage-aquapro-enfin-un-ete-sans-stress\/\" aria-label=\"En savoir plus sur Test du syst\u00e8me d\u2019arrosage AquaPro \u2014 enfin un \u00e9t\u00e9 sans stress ?\" tabindex=\"-1\" >\n\t\t\tLire la suite \u00bb\t\t<\/a>\n\n\t\t\t\t<\/div>\n\t\t\t\t<\/article>\n\t\t\t\t<\/div>\n\t\t\n\t\t\t\t\t\t<\/div>\n\t\t\t\t<\/div>\n\t\t\t\t\t<\/div>\n\t\t\t\t<\/div>\n\t\t\t\t<\/div>\n\t\t","protected":false},"excerpt":{"rendered":"<p>Reviews<\/p>\n","protected":false},"author":1,"featured_media":0,"parent":0,"menu_order":0,"comment_status":"closed","ping_status":"closed","template":"","meta":{"footnotes":""},"class_list":["post-391","page","type-page","status-publish","hentry"],"yoast_head":"<!-- This site is optimized with the Yoast SEO plugin v25.3.1 - https:\/\/yoast.com\/wordpress\/plugins\/seo\/ -->\n<title>Reviews - Paysages laur\u00e9ats<\/title>\n<meta name=\"robots\" content=\"index, follow, max-snippet:-1, max-image-preview:large, max-video-preview:-1\" \/>\n<link rel=\"canonical\" href=\"https:\/\/ldaulte.eleves.mediamatique.ch\/CIE4-paysages-laur\u00e9ats\/reviews\/\" \/>\n<meta property=\"og:locale\" content=\"fr_FR\" \/>\n<meta property=\"og:type\" content=\"article\" \/>\n<meta property=\"og:title\" content=\"Reviews - Paysages laur\u00e9ats\" \/>\n<meta property=\"og:description\" content=\"Reviews\" \/>\n<meta property=\"og:url\" content=\"https:\/\/ldaulte.eleves.mediamatique.ch\/CIE4-paysages-laur\u00e9ats\/reviews\/\" \/>\n<meta property=\"og:site_name\" content=\"Paysages laur\u00e9ats\" \/>\n<meta property=\"article:modified_time\" content=\"2025-06-20T12:52:44+00:00\" \/>\n<meta name=\"twitter:card\" content=\"summary_large_image\" \/>\n<script type=\"application\/ld+json\" class=\"yoast-schema-graph\">{\"@context\":\"https:\/\/schema.org\",\"@graph\":[{\"@type\":\"WebPage\",\"@id\":\"https:\/\/ldaulte.eleves.mediamatique.ch\/CIE4-paysages-laur%C3%A9ats\/reviews\/\",\"url\":\"https:\/\/ldaulte.eleves.mediamatique.ch\/CIE4-paysages-laur%C3%A9ats\/reviews\/\",\"name\":\"Reviews - Paysages laur\u00e9ats\",\"isPartOf\":{\"@id\":\"https:\/\/ldaulte.eleves.mediamatique.ch\/CIE4-paysages-laur%C3%A9ats\/#website\"},\"datePublished\":\"2025-06-19T23:17:28+00:00\",\"dateModified\":\"2025-06-20T12:52:44+00:00\",\"breadcrumb\":{\"@id\":\"https:\/\/ldaulte.eleves.mediamatique.ch\/CIE4-paysages-laur%C3%A9ats\/reviews\/#breadcrumb\"},\"inLanguage\":\"fr-FR\",\"potentialAction\":[{\"@type\":\"ReadAction\",\"target\":[\"https:\/\/ldaulte.eleves.mediamatique.ch\/CIE4-paysages-laur%C3%A9ats\/reviews\/\"]}]},{\"@type\":\"BreadcrumbList\",\"@id\":\"https:\/\/ldaulte.eleves.mediamatique.ch\/CIE4-paysages-laur%C3%A9ats\/reviews\/#breadcrumb\",\"itemListElement\":[{\"@type\":\"ListItem\",\"position\":1,\"name\":\"Accueil\",\"item\":\"https:\/\/ldaulte.eleves.mediamatique.ch\/CIE4-paysages-laur%C3%A9ats\/\"},{\"@type\":\"ListItem\",\"position\":2,\"name\":\"Reviews\"}]},{\"@type\":\"WebSite\",\"@id\":\"https:\/\/ldaulte.eleves.mediamatique.ch\/CIE4-paysages-laur%C3%A9ats\/#website\",\"url\":\"https:\/\/ldaulte.eleves.mediamatique.ch\/CIE4-paysages-laur%C3%A9ats\/\",\"name\":\"Paysages laur\u00e9ats\",\"description\":\"\",\"publisher\":{\"@id\":\"https:\/\/ldaulte.eleves.mediamatique.ch\/CIE4-paysages-laur%C3%A9ats\/#organization\"},\"potentialAction\":[{\"@type\":\"SearchAction\",\"target\":{\"@type\":\"EntryPoint\",\"urlTemplate\":\"https:\/\/ldaulte.eleves.mediamatique.ch\/CIE4-paysages-laur%C3%A9ats\/?s={search_term_string}\"},\"query-input\":{\"@type\":\"PropertyValueSpecification\",\"valueRequired\":true,\"valueName\":\"search_term_string\"}}],\"inLanguage\":\"fr-FR\"},{\"@type\":\"Organization\",\"@id\":\"https:\/\/ldaulte.eleves.mediamatique.ch\/CIE4-paysages-laur%C3%A9ats\/#organization\",\"name\":\"Paysages laur\u00e9ats\",\"url\":\"https:\/\/ldaulte.eleves.mediamatique.ch\/CIE4-paysages-laur%C3%A9ats\/\",\"logo\":{\"@type\":\"ImageObject\",\"inLanguage\":\"fr-FR\",\"@id\":\"https:\/\/ldaulte.eleves.mediamatique.ch\/CIE4-paysages-laur%C3%A9ats\/#\/schema\/logo\/image\/\",\"url\":\"https:\/\/ldaulte.eleves.mediamatique.ch\/CIE4-paysages-laur%C3%A9ats\/wp-content\/uploads\/2025\/06\/5116726_2692178.png\",\"contentUrl\":\"https:\/\/ldaulte.eleves.mediamatique.ch\/CIE4-paysages-laur%C3%A9ats\/wp-content\/uploads\/2025\/06\/5116726_2692178.png\",\"width\":1716,\"height\":1398,\"caption\":\"Paysages laur\u00e9ats\"},\"image\":{\"@id\":\"https:\/\/ldaulte.eleves.mediamatique.ch\/CIE4-paysages-laur%C3%A9ats\/#\/schema\/logo\/image\/\"}}]}<\/script>\n<!-- \/ Yoast SEO plugin. -->","yoast_head_json":{"title":"Reviews - Paysages laur\u00e9ats","robots":{"index":"index","follow":"follow","max-snippet":"max-snippet:-1","max-image-preview":"max-image-preview:large","max-video-preview":"max-video-preview:-1"},"canonical":"https:\/\/ldaulte.eleves.mediamatique.ch\/CIE4-paysages-laur\u00e9ats\/reviews\/","og_locale":"fr_FR","og_type":"article","og_title":"Reviews - Paysages laur\u00e9ats","og_description":"Reviews","og_url":"https:\/\/ldaulte.eleves.mediamatique.ch\/CIE4-paysages-laur\u00e9ats\/reviews\/","og_site_name":"Paysages laur\u00e9ats","article_modified_time":"2025-06-20T12:52:44+00:00","twitter_card":"summary_large_image","schema":{"@context":"https:\/\/schema.org","@graph":[{"@type":"WebPage","@id":"https:\/\/ldaulte.eleves.mediamatique.ch\/CIE4-paysages-laur%C3%A9ats\/reviews\/","url":"https:\/\/ldaulte.eleves.mediamatique.ch\/CIE4-paysages-laur%C3%A9ats\/reviews\/","name":"Reviews - Paysages laur\u00e9ats","isPartOf":{"@id":"https:\/\/ldaulte.eleves.mediamatique.ch\/CIE4-paysages-laur%C3%A9ats\/#website"},"datePublished":"2025-06-19T23:17:28+00:00","dateModified":"2025-06-20T12:52:44+00:00","breadcrumb":{"@id":"https:\/\/ldaulte.eleves.mediamatique.ch\/CIE4-paysages-laur%C3%A9ats\/reviews\/#breadcrumb"},"inLanguage":"fr-FR","potentialAction":[{"@type":"ReadAction","target":["https:\/\/ldaulte.eleves.mediamatique.ch\/CIE4-paysages-laur%C3%A9ats\/reviews\/"]}]},{"@type":"BreadcrumbList","@id":"https:\/\/ldaulte.eleves.mediamatique.ch\/CIE4-paysages-laur%C3%A9ats\/reviews\/#breadcrumb","itemListElement":[{"@type":"ListItem","position":1,"name":"Accueil","item":"https:\/\/ldaulte.eleves.mediamatique.ch\/CIE4-paysages-laur%C3%A9ats\/"},{"@type":"ListItem","position":2,"name":"Reviews"}]},{"@type":"WebSite","@id":"https:\/\/ldaulte.eleves.mediamatique.ch\/CIE4-paysages-laur%C3%A9ats\/#website","url":"https:\/\/ldaulte.eleves.mediamatique.ch\/CIE4-paysages-laur%C3%A9ats\/","name":"Paysages laur\u00e9ats","description":"","publisher":{"@id":"https:\/\/ldaulte.eleves.mediamatique.ch\/CIE4-paysages-laur%C3%A9ats\/#organization"},"potentialAction":[{"@type":"SearchAction","target":{"@type":"EntryPoint","urlTemplate":"https:\/\/ldaulte.eleves.mediamatique.ch\/CIE4-paysages-laur%C3%A9ats\/?s={search_term_string}"},"query-input":{"@type":"PropertyValueSpecification","valueRequired":true,"valueName":"search_term_string"}}],"inLanguage":"fr-FR"},{"@type":"Organization","@id":"https:\/\/ldaulte.eleves.mediamatique.ch\/CIE4-paysages-laur%C3%A9ats\/#organization","name":"Paysages laur\u00e9ats","url":"https:\/\/ldaulte.eleves.mediamatique.ch\/CIE4-paysages-laur%C3%A9ats\/","logo":{"@type":"ImageObject","inLanguage":"fr-FR","@id":"https:\/\/ldaulte.eleves.mediamatique.ch\/CIE4-paysages-laur%C3%A9ats\/#\/schema\/logo\/image\/","url":"https:\/\/ldaulte.eleves.mediamatique.ch\/CIE4-paysages-laur%C3%A9ats\/wp-content\/uploads\/2025\/06\/5116726_2692178.png","contentUrl":"https:\/\/ldaulte.eleves.mediamatique.ch\/CIE4-paysages-laur%C3%A9ats\/wp-content\/uploads\/2025\/06\/5116726_2692178.png","width":1716,"height":1398,"caption":"Paysages laur\u00e9ats"},"image":{"@id":"https:\/\/ldaulte.eleves.mediamatique.ch\/CIE4-paysages-laur%C3%A9ats\/#\/schema\/logo\/image\/"}}]}},"_links":{"self":[{"href":"https:\/\/ldaulte.eleves.mediamatique.ch\/CIE4-paysages-laur%C3%A9ats\/wp-json\/wp\/v2\/pages\/391","targetHints":{"allow":["GET"]}}],"collection":[{"href":"https:\/\/ldaulte.eleves.mediamatique.ch\/CIE4-paysages-laur%C3%A9ats\/wp-json\/wp\/v2\/pages"}],"about":[{"href":"https:\/\/ldaulte.eleves.mediamatique.ch\/CIE4-paysages-laur%C3%A9ats\/wp-json\/wp\/v2\/types\/page"}],"author":[{"embeddable":true,"href":"https:\/\/ldaulte.eleves.mediamatique.ch\/CIE4-paysages-laur%C3%A9ats\/wp-json\/wp\/v2\/users\/1"}],"replies":[{"embeddable":true,"href":"https:\/\/ldaulte.eleves.mediamatique.ch\/CIE4-paysages-laur%C3%A9ats\/wp-json\/wp\/v2\/comments?post=391"}],"version-history":[{"count":19,"href":"https:\/\/ldaulte.eleves.mediamatique.ch\/CIE4-paysages-laur%C3%A9ats\/wp-json\/wp\/v2\/pages\/391\/revisions"}],"predecessor-version":[{"id":594,"href":"https:\/\/ldaulte.eleves.mediamatique.ch\/CIE4-paysages-laur%C3%A9ats\/wp-json\/wp\/v2\/pages\/391\/revisions\/594"}],"wp:attachment":[{"href":"https:\/\/ldaulte.eleves.mediamatique.ch\/CIE4-paysages-laur%C3%A9ats\/wp-json\/wp\/v2\/media?parent=391"}],"curies":[{"name":"wp","href":"https:\/\/api.w.org\/{rel}","templated":true}]}}