{"id":142,"date":"2025-06-19T08:51:55","date_gmt":"2025-06-19T06:51:55","guid":{"rendered":"https:\/\/ldaulte.eleves.mediamatique.ch\/CIE4-paysages-laur%C3%A9ats\/?post_type=product&#038;p=142"},"modified":"2025-06-19T08:53:50","modified_gmt":"2025-06-19T06:53:50","slug":"gazon-universel-suisse","status":"publish","type":"product","link":"https:\/\/ldaulte.eleves.mediamatique.ch\/CIE4-paysages-laur%C3%A9ats\/produit\/gazon-universel-suisse\/","title":{"rendered":"Gazon Universel Suisse"},"content":{"rendered":"<ul class=\"productBenefits__list\">\n<li class=\"productBenefits__list-item\">\n<p class=\"productBenefits__list-item-text\">Haute durabilit\u00e9 r\u00e9siste \u00e0 un usage intensif<\/p>\n<\/li>\n<li class=\"productBenefits__list-item\">\n<p class=\"productBenefits__list-item-text\">Adaptabilit\u00e9 optimale aux diff\u00e9rents emplacements<\/p>\n<\/li>\n<\/ul>\n<ul>\n<li>Fournit un gazon dense pour une apparence esth\u00e9tique<\/li>\n<\/ul>\n","protected":false},"excerpt":{"rendered":"<p>Haute durabilit\u00e9 r\u00e9siste \u00e0 un usage intensif Adaptabilit\u00e9 optimale aux diff\u00e9rents emplacements Fournit un gazon dense pour une apparence esth\u00e9tique<\/p>\n","protected":false},"featured_media":143,"comment_status":"open","ping_status":"closed","template":"","meta":[],"product_brand":[],"product_cat":[21],"product_tag":[],"class_list":{"0":"post-142","1":"product","2":"type-product","3":"status-publish","4":"has-post-thumbnail","6":"product_cat-gazon-herbe","8":"first","9":"instock","10":"shipping-taxable","11":"purchasable","12":"product-type-simple"},"yoast_head":"<!-- This site is optimized with the Yoast SEO plugin v25.3.1 - https:\/\/yoast.com\/wordpress\/plugins\/seo\/ -->\n<title>Gazon Universel Suisse - Paysages laur\u00e9ats<\/title>\n<meta name=\"robots\" content=\"index, follow, max-snippet:-1, max-image-preview:large, max-video-preview:-1\" \/>\n<link rel=\"canonical\" href=\"https:\/\/ldaulte.eleves.mediamatique.ch\/CIE4-paysages-laur\u00e9ats\/produit\/gazon-universel-suisse\/\" \/>\n<meta property=\"og:locale\" content=\"fr_FR\" \/>\n<meta property=\"og:type\" content=\"article\" \/>\n<meta property=\"og:title\" content=\"Gazon Universel Suisse - Paysages laur\u00e9ats\" \/>\n<meta property=\"og:description\" content=\"Haute durabilit\u00e9 r\u00e9siste \u00e0 un usage intensif Adaptabilit\u00e9 optimale aux diff\u00e9rents emplacements Fournit un gazon dense pour une apparence esth\u00e9tique\" \/>\n<meta property=\"og:url\" content=\"https:\/\/ldaulte.eleves.mediamatique.ch\/CIE4-paysages-laur\u00e9ats\/produit\/gazon-universel-suisse\/\" \/>\n<meta property=\"og:site_name\" content=\"Paysages laur\u00e9ats\" \/>\n<meta property=\"article:modified_time\" content=\"2025-06-19T06:53:50+00:00\" \/>\n<meta property=\"og:image\" content=\"https:\/\/ldaulte.eleves.mediamatique.ch\/CIE4-paysages-laur%C3%A9ats\/wp-content\/uploads\/2025\/06\/gazon.jpg\" \/>\n\t<meta property=\"og:image:width\" content=\"930\" \/>\n\t<meta property=\"og:image:height\" content=\"620\" \/>\n\t<meta property=\"og:image:type\" content=\"image\/jpeg\" \/>\n<meta name=\"twitter:card\" content=\"summary_large_image\" \/>\n<script type=\"application\/ld+json\" class=\"yoast-schema-graph\">{\"@context\":\"https:\/\/schema.org\",\"@graph\":[{\"@type\":\"WebPage\",\"@id\":\"https:\/\/ldaulte.eleves.mediamatique.ch\/CIE4-paysages-laur%C3%A9ats\/produit\/gazon-universel-suisse\/\",\"url\":\"https:\/\/ldaulte.eleves.mediamatique.ch\/CIE4-paysages-laur%C3%A9ats\/produit\/gazon-universel-suisse\/\",\"name\":\"Gazon Universel Suisse - Paysages laur\u00e9ats\",\"isPartOf\":{\"@id\":\"https:\/\/ldaulte.eleves.mediamatique.ch\/CIE4-paysages-laur%C3%A9ats\/#website\"},\"primaryImageOfPage\":{\"@id\":\"https:\/\/ldaulte.eleves.mediamatique.ch\/CIE4-paysages-laur%C3%A9ats\/produit\/gazon-universel-suisse\/#primaryimage\"},\"image\":{\"@id\":\"https:\/\/ldaulte.eleves.mediamatique.ch\/CIE4-paysages-laur%C3%A9ats\/produit\/gazon-universel-suisse\/#primaryimage\"},\"thumbnailUrl\":\"https:\/\/ldaulte.eleves.mediamatique.ch\/CIE4-paysages-laur%C3%A9ats\/wp-content\/uploads\/2025\/06\/gazon.jpg\",\"datePublished\":\"2025-06-19T06:51:55+00:00\",\"dateModified\":\"2025-06-19T06:53:50+00:00\",\"breadcrumb\":{\"@id\":\"https:\/\/ldaulte.eleves.mediamatique.ch\/CIE4-paysages-laur%C3%A9ats\/produit\/gazon-universel-suisse\/#breadcrumb\"},\"inLanguage\":\"fr-FR\",\"potentialAction\":[{\"@type\":\"ReadAction\",\"target\":[\"https:\/\/ldaulte.eleves.mediamatique.ch\/CIE4-paysages-laur%C3%A9ats\/produit\/gazon-universel-suisse\/\"]}]},{\"@type\":\"ImageObject\",\"inLanguage\":\"fr-FR\",\"@id\":\"https:\/\/ldaulte.eleves.mediamatique.ch\/CIE4-paysages-laur%C3%A9ats\/produit\/gazon-universel-suisse\/#primaryimage\",\"url\":\"https:\/\/ldaulte.eleves.mediamatique.ch\/CIE4-paysages-laur%C3%A9ats\/wp-content\/uploads\/2025\/06\/gazon.jpg\",\"contentUrl\":\"https:\/\/ldaulte.eleves.mediamatique.ch\/CIE4-paysages-laur%C3%A9ats\/wp-content\/uploads\/2025\/06\/gazon.jpg\",\"width\":930,\"height\":620},{\"@type\":\"BreadcrumbList\",\"@id\":\"https:\/\/ldaulte.eleves.mediamatique.ch\/CIE4-paysages-laur%C3%A9ats\/produit\/gazon-universel-suisse\/#breadcrumb\",\"itemListElement\":[{\"@type\":\"ListItem\",\"position\":1,\"name\":\"Accueil\",\"item\":\"https:\/\/ldaulte.eleves.mediamatique.ch\/CIE4-paysages-laur%C3%A9ats\/\"},{\"@type\":\"ListItem\",\"position\":2,\"name\":\"Produits\",\"item\":\"https:\/\/ldaulte.eleves.mediamatique.ch\/CIE4-paysages-laur%C3%A9ats\/boutique__trashed\/\"},{\"@type\":\"ListItem\",\"position\":3,\"name\":\"Gazon Universel Suisse\"}]},{\"@type\":\"WebSite\",\"@id\":\"https:\/\/ldaulte.eleves.mediamatique.ch\/CIE4-paysages-laur%C3%A9ats\/#website\",\"url\":\"https:\/\/ldaulte.eleves.mediamatique.ch\/CIE4-paysages-laur%C3%A9ats\/\",\"name\":\"Paysages laur\u00e9ats\",\"description\":\"\",\"publisher\":{\"@id\":\"https:\/\/ldaulte.eleves.mediamatique.ch\/CIE4-paysages-laur%C3%A9ats\/#organization\"},\"potentialAction\":[{\"@type\":\"SearchAction\",\"target\":{\"@type\":\"EntryPoint\",\"urlTemplate\":\"https:\/\/ldaulte.eleves.mediamatique.ch\/CIE4-paysages-laur%C3%A9ats\/?s={search_term_string}\"},\"query-input\":{\"@type\":\"PropertyValueSpecification\",\"valueRequired\":true,\"valueName\":\"search_term_string\"}}],\"inLanguage\":\"fr-FR\"},{\"@type\":\"Organization\",\"@id\":\"https:\/\/ldaulte.eleves.mediamatique.ch\/CIE4-paysages-laur%C3%A9ats\/#organization\",\"name\":\"Paysages laur\u00e9ats\",\"url\":\"https:\/\/ldaulte.eleves.mediamatique.ch\/CIE4-paysages-laur%C3%A9ats\/\",\"logo\":{\"@type\":\"ImageObject\",\"inLanguage\":\"fr-FR\",\"@id\":\"https:\/\/ldaulte.eleves.mediamatique.ch\/CIE4-paysages-laur%C3%A9ats\/#\/schema\/logo\/image\/\",\"url\":\"https:\/\/ldaulte.eleves.mediamatique.ch\/CIE4-paysages-laur%C3%A9ats\/wp-content\/uploads\/2025\/06\/5116726_2692178.png\",\"contentUrl\":\"https:\/\/ldaulte.eleves.mediamatique.ch\/CIE4-paysages-laur%C3%A9ats\/wp-content\/uploads\/2025\/06\/5116726_2692178.png\",\"width\":1716,\"height\":1398,\"caption\":\"Paysages laur\u00e9ats\"},\"image\":{\"@id\":\"https:\/\/ldaulte.eleves.mediamatique.ch\/CIE4-paysages-laur%C3%A9ats\/#\/schema\/logo\/image\/\"}}]}<\/script>\n<!-- \/ Yoast SEO plugin. -->","yoast_head_json":{"title":"Gazon Universel Suisse - Paysages laur\u00e9ats","robots":{"index":"index","follow":"follow","max-snippet":"max-snippet:-1","max-image-preview":"max-image-preview:large","max-video-preview":"max-video-preview:-1"},"canonical":"https:\/\/ldaulte.eleves.mediamatique.ch\/CIE4-paysages-laur\u00e9ats\/produit\/gazon-universel-suisse\/","og_locale":"fr_FR","og_type":"article","og_title":"Gazon Universel Suisse - Paysages laur\u00e9ats","og_description":"Haute durabilit\u00e9 r\u00e9siste \u00e0 un usage intensif Adaptabilit\u00e9 optimale aux diff\u00e9rents emplacements Fournit un gazon dense pour une apparence esth\u00e9tique","og_url":"https:\/\/ldaulte.eleves.mediamatique.ch\/CIE4-paysages-laur\u00e9ats\/produit\/gazon-universel-suisse\/","og_site_name":"Paysages laur\u00e9ats","article_modified_time":"2025-06-19T06:53:50+00:00","og_image":[{"width":930,"height":620,"url":"https:\/\/ldaulte.eleves.mediamatique.ch\/CIE4-paysages-laur%C3%A9ats\/wp-content\/uploads\/2025\/06\/gazon.jpg","type":"image\/jpeg"}],"twitter_card":"summary_large_image","schema":{"@context":"https:\/\/schema.org","@graph":[{"@type":"WebPage","@id":"https:\/\/ldaulte.eleves.mediamatique.ch\/CIE4-paysages-laur%C3%A9ats\/produit\/gazon-universel-suisse\/","url":"https:\/\/ldaulte.eleves.mediamatique.ch\/CIE4-paysages-laur%C3%A9ats\/produit\/gazon-universel-suisse\/","name":"Gazon Universel Suisse - Paysages laur\u00e9ats","isPartOf":{"@id":"https:\/\/ldaulte.eleves.mediamatique.ch\/CIE4-paysages-laur%C3%A9ats\/#website"},"primaryImageOfPage":{"@id":"https:\/\/ldaulte.eleves.mediamatique.ch\/CIE4-paysages-laur%C3%A9ats\/produit\/gazon-universel-suisse\/#primaryimage"},"image":{"@id":"https:\/\/ldaulte.eleves.mediamatique.ch\/CIE4-paysages-laur%C3%A9ats\/produit\/gazon-universel-suisse\/#primaryimage"},"thumbnailUrl":"https:\/\/ldaulte.eleves.mediamatique.ch\/CIE4-paysages-laur%C3%A9ats\/wp-content\/uploads\/2025\/06\/gazon.jpg","datePublished":"2025-06-19T06:51:55+00:00","dateModified":"2025-06-19T06:53:50+00:00","breadcrumb":{"@id":"https:\/\/ldaulte.eleves.mediamatique.ch\/CIE4-paysages-laur%C3%A9ats\/produit\/gazon-universel-suisse\/#breadcrumb"},"inLanguage":"fr-FR","potentialAction":[{"@type":"ReadAction","target":["https:\/\/ldaulte.eleves.mediamatique.ch\/CIE4-paysages-laur%C3%A9ats\/produit\/gazon-universel-suisse\/"]}]},{"@type":"ImageObject","inLanguage":"fr-FR","@id":"https:\/\/ldaulte.eleves.mediamatique.ch\/CIE4-paysages-laur%C3%A9ats\/produit\/gazon-universel-suisse\/#primaryimage","url":"https:\/\/ldaulte.eleves.mediamatique.ch\/CIE4-paysages-laur%C3%A9ats\/wp-content\/uploads\/2025\/06\/gazon.jpg","contentUrl":"https:\/\/ldaulte.eleves.mediamatique.ch\/CIE4-paysages-laur%C3%A9ats\/wp-content\/uploads\/2025\/06\/gazon.jpg","width":930,"height":620},{"@type":"BreadcrumbList","@id":"https:\/\/ldaulte.eleves.mediamatique.ch\/CIE4-paysages-laur%C3%A9ats\/produit\/gazon-universel-suisse\/#breadcrumb","itemListElement":[{"@type":"ListItem","position":1,"name":"Accueil","item":"https:\/\/ldaulte.eleves.mediamatique.ch\/CIE4-paysages-laur%C3%A9ats\/"},{"@type":"ListItem","position":2,"name":"Produits","item":"https:\/\/ldaulte.eleves.mediamatique.ch\/CIE4-paysages-laur%C3%A9ats\/boutique__trashed\/"},{"@type":"ListItem","position":3,"name":"Gazon Universel Suisse"}]},{"@type":"WebSite","@id":"https:\/\/ldaulte.eleves.mediamatique.ch\/CIE4-paysages-laur%C3%A9ats\/#website","url":"https:\/\/ldaulte.eleves.mediamatique.ch\/CIE4-paysages-laur%C3%A9ats\/","name":"Paysages laur\u00e9ats","description":"","publisher":{"@id":"https:\/\/ldaulte.eleves.mediamatique.ch\/CIE4-paysages-laur%C3%A9ats\/#organization"},"potentialAction":[{"@type":"SearchAction","target":{"@type":"EntryPoint","urlTemplate":"https:\/\/ldaulte.eleves.mediamatique.ch\/CIE4-paysages-laur%C3%A9ats\/?s={search_term_string}"},"query-input":{"@type":"PropertyValueSpecification","valueRequired":true,"valueName":"search_term_string"}}],"inLanguage":"fr-FR"},{"@type":"Organization","@id":"https:\/\/ldaulte.eleves.mediamatique.ch\/CIE4-paysages-laur%C3%A9ats\/#organization","name":"Paysages laur\u00e9ats","url":"https:\/\/ldaulte.eleves.mediamatique.ch\/CIE4-paysages-laur%C3%A9ats\/","logo":{"@type":"ImageObject","inLanguage":"fr-FR","@id":"https:\/\/ldaulte.eleves.mediamatique.ch\/CIE4-paysages-laur%C3%A9ats\/#\/schema\/logo\/image\/","url":"https:\/\/ldaulte.eleves.mediamatique.ch\/CIE4-paysages-laur%C3%A9ats\/wp-content\/uploads\/2025\/06\/5116726_2692178.png","contentUrl":"https:\/\/ldaulte.eleves.mediamatique.ch\/CIE4-paysages-laur%C3%A9ats\/wp-content\/uploads\/2025\/06\/5116726_2692178.png","width":1716,"height":1398,"caption":"Paysages laur\u00e9ats"},"image":{"@id":"https:\/\/ldaulte.eleves.mediamatique.ch\/CIE4-paysages-laur%C3%A9ats\/#\/schema\/logo\/image\/"}}]}},"_links":{"self":[{"href":"https:\/\/ldaulte.eleves.mediamatique.ch\/CIE4-paysages-laur%C3%A9ats\/wp-json\/wp\/v2\/product\/142","targetHints":{"allow":["GET"]}}],"collection":[{"href":"https:\/\/ldaulte.eleves.mediamatique.ch\/CIE4-paysages-laur%C3%A9ats\/wp-json\/wp\/v2\/product"}],"about":[{"href":"https:\/\/ldaulte.eleves.mediamatique.ch\/CIE4-paysages-laur%C3%A9ats\/wp-json\/wp\/v2\/types\/product"}],"replies":[{"embeddable":true,"href":"https:\/\/ldaulte.eleves.mediamatique.ch\/CIE4-paysages-laur%C3%A9ats\/wp-json\/wp\/v2\/comments?post=142"}],"wp:featuredmedia":[{"embeddable":true,"href":"https:\/\/ldaulte.eleves.mediamatique.ch\/CIE4-paysages-laur%C3%A9ats\/wp-json\/wp\/v2\/media\/143"}],"wp:attachment":[{"href":"https:\/\/ldaulte.eleves.mediamatique.ch\/CIE4-paysages-laur%C3%A9ats\/wp-json\/wp\/v2\/media?parent=142"}],"wp:term":[{"taxonomy":"product_brand","embeddable":true,"href":"https:\/\/ldaulte.eleves.mediamatique.ch\/CIE4-paysages-laur%C3%A9ats\/wp-json\/wp\/v2\/product_brand?post=142"},{"taxonomy":"product_cat","embeddable":true,"href":"https:\/\/ldaulte.eleves.mediamatique.ch\/CIE4-paysages-laur%C3%A9ats\/wp-json\/wp\/v2\/product_cat?post=142"},{"taxonomy":"product_tag","embeddable":true,"href":"https:\/\/ldaulte.eleves.mediamatique.ch\/CIE4-paysages-laur%C3%A9ats\/wp-json\/wp\/v2\/product_tag?post=142"}],"curies":[{"name":"wp","href":"https:\/\/api.w.org\/{rel}","templated":true}]}}