{"id":163,"date":"2025-06-19T09:38:06","date_gmt":"2025-06-19T07:38:06","guid":{"rendered":"https:\/\/ldaulte.eleves.mediamatique.ch\/CIE4-paysages-laur%C3%A9ats\/?post_type=product&#038;p=163"},"modified":"2025-06-19T13:52:11","modified_gmt":"2025-06-19T11:52:11","slug":"tuyau-darrosage-flex-5-8-25-m","status":"publish","type":"product","link":"https:\/\/ldaulte.eleves.mediamatique.ch\/CIE4-paysages-laur%C3%A9ats\/produit\/tuyau-darrosage-flex-5-8-25-m\/","title":{"rendered":"Tuyau d&rsquo;Arrosage Flex | 25 m"},"content":{"rendered":"<p>Le tuyau flexible est votre nouveau meilleur alli\u00e9 dans le jardin. Avec ses <strong>25 m\u00e8tres de longueur<\/strong> et son <strong>diam\u00e8tre de 5\/8 pouces<\/strong>, il permet d\u2019arroser efficacement sans effort. Gr\u00e2ce \u00e0 son <strong>profil Power Grip<\/strong>, il reste bien en place sur les raccords pour \u00e9viter tout glissement ou fuite.<\/p>\n<p>Vous allez adorer sa <strong>r\u00e9silience<\/strong> : il est con\u00e7u pour <strong>ne pas s\u2019emm\u00ealer ni se tordre<\/strong>, peu importe la mani\u00e8re dont vous le manipulez. Fini les longues minutes \u00e0 tout d\u00e9m\u00ealer \u2014 sortez dans le jardin et profitez. Gr\u00e2ce \u00e0 sa <strong>paroi \u00e9paisse<\/strong> et \u00e0 son <strong>tissu spiral\u00e9<\/strong>, il est <strong>tr\u00e8s stable, ind\u00e9formable<\/strong> et peut supporter une <strong>pression jusqu\u2019\u00e0 25 bars<\/strong>.<\/p>\n<p>Et pour ne rien g\u00e2cher, il est livr\u00e9 avec les accessoires n\u00e9cessaires et arbore une <strong>couleur vive<\/strong>. Pratique, durable et esth\u00e9tique, il est pr\u00eat \u00e0 vous accompagner pendant de nombreuses saisons. Le jardinage devient un vrai plaisir.<\/p>\n","protected":false},"excerpt":{"rendered":"<p>Tuyau d\u2019arrosage flexible 25\u202fm \u2013 robuste, anti-torsion et pr\u00eat \u00e0 affronter tous les recoins du jardin. \ud83c\udf3f\ud83d\udca7<\/p>\n","protected":false},"featured_media":164,"comment_status":"open","ping_status":"closed","template":"","meta":[],"product_brand":[],"product_cat":[15,28,22],"product_tag":[32,35,30,34,33,31,29],"class_list":{"0":"post-163","1":"product","2":"type-product","3":"status-publish","4":"has-post-thumbnail","6":"product_cat-non-classe","7":"product_cat-arrosage","8":"product_cat-outils","9":"product_tag-25m","10":"product_tag-anti-torsion","11":"product_tag-arrosage","12":"product_tag-flexible","13":"product_tag-haute-pression","14":"product_tag-jardin","15":"product_tag-tuyau","17":"first","18":"instock","19":"shipping-taxable","20":"purchasable","21":"product-type-variable"},"yoast_head":"<!-- This site is optimized with the Yoast SEO plugin v25.3.1 - https:\/\/yoast.com\/wordpress\/plugins\/seo\/ -->\n<title>Tuyau d&#039;Arrosage Flex | 25 m - Paysages laur\u00e9ats<\/title>\n<meta name=\"robots\" content=\"index, follow, max-snippet:-1, max-image-preview:large, max-video-preview:-1\" \/>\n<link rel=\"canonical\" href=\"https:\/\/ldaulte.eleves.mediamatique.ch\/CIE4-paysages-laur\u00e9ats\/produit\/tuyau-darrosage-flex-5-8-25-m\/\" \/>\n<meta property=\"og:locale\" content=\"fr_FR\" \/>\n<meta property=\"og:type\" content=\"article\" \/>\n<meta property=\"og:title\" content=\"Tuyau d&#039;Arrosage Flex | 25 m - Paysages laur\u00e9ats\" \/>\n<meta property=\"og:description\" content=\"Tuyau d\u2019arrosage flexible 25\u202fm \u2013 robuste, anti-torsion et pr\u00eat \u00e0 affronter tous les recoins du jardin. \ud83c\udf3f\ud83d\udca7\" \/>\n<meta property=\"og:url\" content=\"https:\/\/ldaulte.eleves.mediamatique.ch\/CIE4-paysages-laur\u00e9ats\/produit\/tuyau-darrosage-flex-5-8-25-m\/\" \/>\n<meta property=\"og:site_name\" content=\"Paysages laur\u00e9ats\" \/>\n<meta property=\"article:modified_time\" content=\"2025-06-19T11:52:11+00:00\" \/>\n<meta property=\"og:image\" content=\"https:\/\/ldaulte.eleves.mediamatique.ch\/CIE4-paysages-laur%C3%A9ats\/wp-content\/uploads\/2025\/06\/arrosage1.jpg\" \/>\n\t<meta property=\"og:image:width\" content=\"930\" \/>\n\t<meta property=\"og:image:height\" content=\"620\" \/>\n\t<meta property=\"og:image:type\" content=\"image\/jpeg\" \/>\n<meta name=\"twitter:card\" content=\"summary_large_image\" \/>\n<meta name=\"twitter:label1\" content=\"Dur\u00e9e de lecture estim\u00e9e\" \/>\n\t<meta name=\"twitter:data1\" content=\"1 minute\" \/>\n<script type=\"application\/ld+json\" class=\"yoast-schema-graph\">{\"@context\":\"https:\/\/schema.org\",\"@graph\":[{\"@type\":\"WebPage\",\"@id\":\"https:\/\/ldaulte.eleves.mediamatique.ch\/CIE4-paysages-laur%C3%A9ats\/produit\/tuyau-darrosage-flex-5-8-25-m\/\",\"url\":\"https:\/\/ldaulte.eleves.mediamatique.ch\/CIE4-paysages-laur%C3%A9ats\/produit\/tuyau-darrosage-flex-5-8-25-m\/\",\"name\":\"Tuyau d'Arrosage Flex | 25 m - Paysages laur\u00e9ats\",\"isPartOf\":{\"@id\":\"https:\/\/ldaulte.eleves.mediamatique.ch\/CIE4-paysages-laur%C3%A9ats\/#website\"},\"primaryImageOfPage\":{\"@id\":\"https:\/\/ldaulte.eleves.mediamatique.ch\/CIE4-paysages-laur%C3%A9ats\/produit\/tuyau-darrosage-flex-5-8-25-m\/#primaryimage\"},\"image\":{\"@id\":\"https:\/\/ldaulte.eleves.mediamatique.ch\/CIE4-paysages-laur%C3%A9ats\/produit\/tuyau-darrosage-flex-5-8-25-m\/#primaryimage\"},\"thumbnailUrl\":\"https:\/\/ldaulte.eleves.mediamatique.ch\/CIE4-paysages-laur%C3%A9ats\/wp-content\/uploads\/2025\/06\/arrosage1.jpg\",\"datePublished\":\"2025-06-19T07:38:06+00:00\",\"dateModified\":\"2025-06-19T11:52:11+00:00\",\"breadcrumb\":{\"@id\":\"https:\/\/ldaulte.eleves.mediamatique.ch\/CIE4-paysages-laur%C3%A9ats\/produit\/tuyau-darrosage-flex-5-8-25-m\/#breadcrumb\"},\"inLanguage\":\"fr-FR\",\"potentialAction\":[{\"@type\":\"ReadAction\",\"target\":[\"https:\/\/ldaulte.eleves.mediamatique.ch\/CIE4-paysages-laur%C3%A9ats\/produit\/tuyau-darrosage-flex-5-8-25-m\/\"]}]},{\"@type\":\"ImageObject\",\"inLanguage\":\"fr-FR\",\"@id\":\"https:\/\/ldaulte.eleves.mediamatique.ch\/CIE4-paysages-laur%C3%A9ats\/produit\/tuyau-darrosage-flex-5-8-25-m\/#primaryimage\",\"url\":\"https:\/\/ldaulte.eleves.mediamatique.ch\/CIE4-paysages-laur%C3%A9ats\/wp-content\/uploads\/2025\/06\/arrosage1.jpg\",\"contentUrl\":\"https:\/\/ldaulte.eleves.mediamatique.ch\/CIE4-paysages-laur%C3%A9ats\/wp-content\/uploads\/2025\/06\/arrosage1.jpg\",\"width\":930,\"height\":620},{\"@type\":\"BreadcrumbList\",\"@id\":\"https:\/\/ldaulte.eleves.mediamatique.ch\/CIE4-paysages-laur%C3%A9ats\/produit\/tuyau-darrosage-flex-5-8-25-m\/#breadcrumb\",\"itemListElement\":[{\"@type\":\"ListItem\",\"position\":1,\"name\":\"Accueil\",\"item\":\"https:\/\/ldaulte.eleves.mediamatique.ch\/CIE4-paysages-laur%C3%A9ats\/\"},{\"@type\":\"ListItem\",\"position\":2,\"name\":\"Produits\",\"item\":\"https:\/\/ldaulte.eleves.mediamatique.ch\/CIE4-paysages-laur%C3%A9ats\/boutique__trashed\/\"},{\"@type\":\"ListItem\",\"position\":3,\"name\":\"Tuyau d&rsquo;Arrosage Flex | 25 m\"}]},{\"@type\":\"WebSite\",\"@id\":\"https:\/\/ldaulte.eleves.mediamatique.ch\/CIE4-paysages-laur%C3%A9ats\/#website\",\"url\":\"https:\/\/ldaulte.eleves.mediamatique.ch\/CIE4-paysages-laur%C3%A9ats\/\",\"name\":\"Paysages laur\u00e9ats\",\"description\":\"\",\"publisher\":{\"@id\":\"https:\/\/ldaulte.eleves.mediamatique.ch\/CIE4-paysages-laur%C3%A9ats\/#organization\"},\"potentialAction\":[{\"@type\":\"SearchAction\",\"target\":{\"@type\":\"EntryPoint\",\"urlTemplate\":\"https:\/\/ldaulte.eleves.mediamatique.ch\/CIE4-paysages-laur%C3%A9ats\/?s={search_term_string}\"},\"query-input\":{\"@type\":\"PropertyValueSpecification\",\"valueRequired\":true,\"valueName\":\"search_term_string\"}}],\"inLanguage\":\"fr-FR\"},{\"@type\":\"Organization\",\"@id\":\"https:\/\/ldaulte.eleves.mediamatique.ch\/CIE4-paysages-laur%C3%A9ats\/#organization\",\"name\":\"Paysages laur\u00e9ats\",\"url\":\"https:\/\/ldaulte.eleves.mediamatique.ch\/CIE4-paysages-laur%C3%A9ats\/\",\"logo\":{\"@type\":\"ImageObject\",\"inLanguage\":\"fr-FR\",\"@id\":\"https:\/\/ldaulte.eleves.mediamatique.ch\/CIE4-paysages-laur%C3%A9ats\/#\/schema\/logo\/image\/\",\"url\":\"https:\/\/ldaulte.eleves.mediamatique.ch\/CIE4-paysages-laur%C3%A9ats\/wp-content\/uploads\/2025\/06\/5116726_2692178.png\",\"contentUrl\":\"https:\/\/ldaulte.eleves.mediamatique.ch\/CIE4-paysages-laur%C3%A9ats\/wp-content\/uploads\/2025\/06\/5116726_2692178.png\",\"width\":1716,\"height\":1398,\"caption\":\"Paysages laur\u00e9ats\"},\"image\":{\"@id\":\"https:\/\/ldaulte.eleves.mediamatique.ch\/CIE4-paysages-laur%C3%A9ats\/#\/schema\/logo\/image\/\"}}]}<\/script>\n<!-- \/ Yoast SEO plugin. -->","yoast_head_json":{"title":"Tuyau d'Arrosage Flex | 25 m - Paysages laur\u00e9ats","robots":{"index":"index","follow":"follow","max-snippet":"max-snippet:-1","max-image-preview":"max-image-preview:large","max-video-preview":"max-video-preview:-1"},"canonical":"https:\/\/ldaulte.eleves.mediamatique.ch\/CIE4-paysages-laur\u00e9ats\/produit\/tuyau-darrosage-flex-5-8-25-m\/","og_locale":"fr_FR","og_type":"article","og_title":"Tuyau d'Arrosage Flex | 25 m - Paysages laur\u00e9ats","og_description":"Tuyau d\u2019arrosage flexible 25\u202fm \u2013 robuste, anti-torsion et pr\u00eat \u00e0 affronter tous les recoins du jardin. \ud83c\udf3f\ud83d\udca7","og_url":"https:\/\/ldaulte.eleves.mediamatique.ch\/CIE4-paysages-laur\u00e9ats\/produit\/tuyau-darrosage-flex-5-8-25-m\/","og_site_name":"Paysages laur\u00e9ats","article_modified_time":"2025-06-19T11:52:11+00:00","og_image":[{"width":930,"height":620,"url":"https:\/\/ldaulte.eleves.mediamatique.ch\/CIE4-paysages-laur%C3%A9ats\/wp-content\/uploads\/2025\/06\/arrosage1.jpg","type":"image\/jpeg"}],"twitter_card":"summary_large_image","twitter_misc":{"Dur\u00e9e de lecture estim\u00e9e":"1 minute"},"schema":{"@context":"https:\/\/schema.org","@graph":[{"@type":"WebPage","@id":"https:\/\/ldaulte.eleves.mediamatique.ch\/CIE4-paysages-laur%C3%A9ats\/produit\/tuyau-darrosage-flex-5-8-25-m\/","url":"https:\/\/ldaulte.eleves.mediamatique.ch\/CIE4-paysages-laur%C3%A9ats\/produit\/tuyau-darrosage-flex-5-8-25-m\/","name":"Tuyau d'Arrosage Flex | 25 m - Paysages laur\u00e9ats","isPartOf":{"@id":"https:\/\/ldaulte.eleves.mediamatique.ch\/CIE4-paysages-laur%C3%A9ats\/#website"},"primaryImageOfPage":{"@id":"https:\/\/ldaulte.eleves.mediamatique.ch\/CIE4-paysages-laur%C3%A9ats\/produit\/tuyau-darrosage-flex-5-8-25-m\/#primaryimage"},"image":{"@id":"https:\/\/ldaulte.eleves.mediamatique.ch\/CIE4-paysages-laur%C3%A9ats\/produit\/tuyau-darrosage-flex-5-8-25-m\/#primaryimage"},"thumbnailUrl":"https:\/\/ldaulte.eleves.mediamatique.ch\/CIE4-paysages-laur%C3%A9ats\/wp-content\/uploads\/2025\/06\/arrosage1.jpg","datePublished":"2025-06-19T07:38:06+00:00","dateModified":"2025-06-19T11:52:11+00:00","breadcrumb":{"@id":"https:\/\/ldaulte.eleves.mediamatique.ch\/CIE4-paysages-laur%C3%A9ats\/produit\/tuyau-darrosage-flex-5-8-25-m\/#breadcrumb"},"inLanguage":"fr-FR","potentialAction":[{"@type":"ReadAction","target":["https:\/\/ldaulte.eleves.mediamatique.ch\/CIE4-paysages-laur%C3%A9ats\/produit\/tuyau-darrosage-flex-5-8-25-m\/"]}]},{"@type":"ImageObject","inLanguage":"fr-FR","@id":"https:\/\/ldaulte.eleves.mediamatique.ch\/CIE4-paysages-laur%C3%A9ats\/produit\/tuyau-darrosage-flex-5-8-25-m\/#primaryimage","url":"https:\/\/ldaulte.eleves.mediamatique.ch\/CIE4-paysages-laur%C3%A9ats\/wp-content\/uploads\/2025\/06\/arrosage1.jpg","contentUrl":"https:\/\/ldaulte.eleves.mediamatique.ch\/CIE4-paysages-laur%C3%A9ats\/wp-content\/uploads\/2025\/06\/arrosage1.jpg","width":930,"height":620},{"@type":"BreadcrumbList","@id":"https:\/\/ldaulte.eleves.mediamatique.ch\/CIE4-paysages-laur%C3%A9ats\/produit\/tuyau-darrosage-flex-5-8-25-m\/#breadcrumb","itemListElement":[{"@type":"ListItem","position":1,"name":"Accueil","item":"https:\/\/ldaulte.eleves.mediamatique.ch\/CIE4-paysages-laur%C3%A9ats\/"},{"@type":"ListItem","position":2,"name":"Produits","item":"https:\/\/ldaulte.eleves.mediamatique.ch\/CIE4-paysages-laur%C3%A9ats\/boutique__trashed\/"},{"@type":"ListItem","position":3,"name":"Tuyau d&rsquo;Arrosage Flex | 25 m"}]},{"@type":"WebSite","@id":"https:\/\/ldaulte.eleves.mediamatique.ch\/CIE4-paysages-laur%C3%A9ats\/#website","url":"https:\/\/ldaulte.eleves.mediamatique.ch\/CIE4-paysages-laur%C3%A9ats\/","name":"Paysages laur\u00e9ats","description":"","publisher":{"@id":"https:\/\/ldaulte.eleves.mediamatique.ch\/CIE4-paysages-laur%C3%A9ats\/#organization"},"potentialAction":[{"@type":"SearchAction","target":{"@type":"EntryPoint","urlTemplate":"https:\/\/ldaulte.eleves.mediamatique.ch\/CIE4-paysages-laur%C3%A9ats\/?s={search_term_string}"},"query-input":{"@type":"PropertyValueSpecification","valueRequired":true,"valueName":"search_term_string"}}],"inLanguage":"fr-FR"},{"@type":"Organization","@id":"https:\/\/ldaulte.eleves.mediamatique.ch\/CIE4-paysages-laur%C3%A9ats\/#organization","name":"Paysages laur\u00e9ats","url":"https:\/\/ldaulte.eleves.mediamatique.ch\/CIE4-paysages-laur%C3%A9ats\/","logo":{"@type":"ImageObject","inLanguage":"fr-FR","@id":"https:\/\/ldaulte.eleves.mediamatique.ch\/CIE4-paysages-laur%C3%A9ats\/#\/schema\/logo\/image\/","url":"https:\/\/ldaulte.eleves.mediamatique.ch\/CIE4-paysages-laur%C3%A9ats\/wp-content\/uploads\/2025\/06\/5116726_2692178.png","contentUrl":"https:\/\/ldaulte.eleves.mediamatique.ch\/CIE4-paysages-laur%C3%A9ats\/wp-content\/uploads\/2025\/06\/5116726_2692178.png","width":1716,"height":1398,"caption":"Paysages laur\u00e9ats"},"image":{"@id":"https:\/\/ldaulte.eleves.mediamatique.ch\/CIE4-paysages-laur%C3%A9ats\/#\/schema\/logo\/image\/"}}]}},"_links":{"self":[{"href":"https:\/\/ldaulte.eleves.mediamatique.ch\/CIE4-paysages-laur%C3%A9ats\/wp-json\/wp\/v2\/product\/163","targetHints":{"allow":["GET"]}}],"collection":[{"href":"https:\/\/ldaulte.eleves.mediamatique.ch\/CIE4-paysages-laur%C3%A9ats\/wp-json\/wp\/v2\/product"}],"about":[{"href":"https:\/\/ldaulte.eleves.mediamatique.ch\/CIE4-paysages-laur%C3%A9ats\/wp-json\/wp\/v2\/types\/product"}],"replies":[{"embeddable":true,"href":"https:\/\/ldaulte.eleves.mediamatique.ch\/CIE4-paysages-laur%C3%A9ats\/wp-json\/wp\/v2\/comments?post=163"}],"wp:featuredmedia":[{"embeddable":true,"href":"https:\/\/ldaulte.eleves.mediamatique.ch\/CIE4-paysages-laur%C3%A9ats\/wp-json\/wp\/v2\/media\/164"}],"wp:attachment":[{"href":"https:\/\/ldaulte.eleves.mediamatique.ch\/CIE4-paysages-laur%C3%A9ats\/wp-json\/wp\/v2\/media?parent=163"}],"wp:term":[{"taxonomy":"product_brand","embeddable":true,"href":"https:\/\/ldaulte.eleves.mediamatique.ch\/CIE4-paysages-laur%C3%A9ats\/wp-json\/wp\/v2\/product_brand?post=163"},{"taxonomy":"product_cat","embeddable":true,"href":"https:\/\/ldaulte.eleves.mediamatique.ch\/CIE4-paysages-laur%C3%A9ats\/wp-json\/wp\/v2\/product_cat?post=163"},{"taxonomy":"product_tag","embeddable":true,"href":"https:\/\/ldaulte.eleves.mediamatique.ch\/CIE4-paysages-laur%C3%A9ats\/wp-json\/wp\/v2\/product_tag?post=163"}],"curies":[{"name":"wp","href":"https:\/\/api.w.org\/{rel}","templated":true}]}}